{"id":25516,"date":"2024-04-02T01:44:02","date_gmt":"2024-04-01T22:44:02","guid":{"rendered":"https:\/\/everest.versify.digital\/?post_type=product&#038;p=25516"},"modified":"2024-04-17T21:37:23","modified_gmt":"2024-04-17T18:37:23","slug":"viskio-taures-k2-2vnt","status":"publish","type":"product","link":"https:\/\/everest.versify.digital\/en\/product\/viskio-taures-k2-2vnt\/","title":{"rendered":"K2 Whiskey glasses (2pcs)"},"content":{"rendered":"<div data-elementor-type=\"product-post\" data-elementor-id=\"25516\" class=\"elementor elementor-25516\" data-elementor-post-type=\"product\">\n\t\t\t\t<div class=\"elementor-element elementor-element-0936962 e-con-full e-flex e-con e-parent\" data-id=\"0936962\" data-element_type=\"container\">\n\t\t\t\t<div class=\"elementor-element elementor-element-6b6f502 elementor-widget elementor-widget-video\" data-id=\"6b6f502\" data-element_type=\"widget\" data-settings=\"{&quot;youtube_url&quot;:&quot;https:\\\/\\\/youtu.be\\\/Eb8jdIZtZIM&quot;,&quot;video_type&quot;:&quot;youtube&quot;,&quot;controls&quot;:&quot;yes&quot;}\" data-widget_type=\"video.default\">\n\t\t\t\t<div class=\"elementor-widget-container\">\n\t\t\t\t\t\t\t<div class=\"elementor-wrapper elementor-open-inline\">\n\t\t\t<div class=\"elementor-video\"><\/div>\t\t<\/div>\n\t\t\t\t\t\t<\/div>\n\t\t\t\t<\/div>\n\t\t\t\t<\/div>\n\t\t<div class=\"elementor-element elementor-element-4a78473 e-flex e-con-boxed e-con e-parent\" data-id=\"4a78473\" data-element_type=\"container\">\n\t\t\t\t\t<div class=\"e-con-inner\">\n\t\t\t\t<div class=\"elementor-element elementor-element-0c3a53b elementor-widget elementor-widget-tm-timeline\" data-id=\"0c3a53b\" data-element_type=\"widget\" data-widget_type=\"tm-timeline.default\">\n\t\t\t\t<div class=\"elementor-widget-container\">\n\t\t\t\t\t\t\t<div class=\"minimog-timeline style-01\">\n\t\t\t<div class=\"timeline-line\"><\/div>\n\t\t\t\t\t\t\t<div class=\"timeline-list\">\n\t\t\t\t\t\t\t\t\t\t\t<div class=\"timeline-item item\">\n\t\t\t\t\t\t\t<div class=\"timeline-dot\"><\/div>\n\n\t\t\t\t\t\t\t<div class=\"content-wrap\">\n\t\t\t\t\t\t\t\t<div class=\"content-header\">\n\t\t\t\t\t\t\t\t\t<div class=\"content-inner\">\n\t\t\t\t\t\t\t\t\t\t\t\t\t\t\t\t\t\t\t\t\t<h5 class=\"title\">\u201eK2\u201d ARBA KITAIP \u017dINOMAS KAIP CHOGORI \u2013 ANTRAS PASAULYJE KALNAS PAGAL AUK\u0160T\u012e IR MIRTINGUM\u0104 \u2013 VIENUS G\u0104SDINA, KITUS \u017dAVI IR TRAUKIA I\u0160BANDYT SAVO J\u0116GAS.<\/h5>\n\t\t\t\t\t\t\t\t\t\t\n\t\t\t\t\t\t\t\t\t\t<div class=\"minimog-image image\">\n\t\t\t\t\t\t\t\t\t\t\t<m-image class=\"minimog-lazy-image\" style=\"--lazy-image-width: 680px;--lazy-image-height: 56.323529411765%;\" data-image-loading><img loading=\"lazy\" decoding=\"async\"  src=\"https:\/\/everest.versify.digital\/wp-content\/uploads\/2024\/04\/chillcharge.gif\" width=\"680\" height=\"383\" alt=\"chillcharge\" class=\"attachment-full size-full\" \/><\/m-image>\t\t\t\t\t\t\t\t\t\t<\/div>\n\t\t\t\t\t\t\t\t\t<\/div>\n\t\t\t\t\t\t\t\t<\/div>\n\n\t\t\t\t\t\t\t\t<div class=\"content-main\">\n\t\t\t\t\t\t\t\t\t<div class=\"content-inner\">\n\t\t\t\t\t\t\t\t\t\t\n\t\t\t\t\t\t\t\t\t\t\t\t\t\t\t\t\t\t\t\t\t<div class=\"description\">\n\t\t\t\t\t\t\t\t\t\t\t\t<p class=\"qodef-e-text\">Patentuota \u201cChill-Charge System\u2122\u201d atv\u0117sina g\u0117rim\u0105 vos per 18 sekund\u017ei\u0173. I\u0161laisvinkite viskio aromatus \u0161velniai sukdami g\u0117rim\u0105 aplink kalno reljefus. Suderinkite \u0161ias taures su dekanteriu ir akimirksniu pagerinkite savo kokteili\u0173 g\u0117rimo rutin\u0105, nesvarbu, ar vai\u0161insite g\u0117rimais draugus, ar demonstruosite \u0161ias taures kartu su savo g\u0117rim\u0173 kolekcija.<\/p><p>\u00a0<\/p>\t\t\t\t\t\t\t\t\t\t\t<\/div>\n\t\t\t\t\t\t\t\t\t\t\t\t\t\t\t\t\t\t\t<\/div>\n\t\t\t\t\t\t\t\t<\/div>\n\t\t\t\t\t\t\t<\/div>\n\t\t\t\t\t\t<\/div>\n\t\t\t\t\t\t\t\t\t\t\t<div class=\"timeline-item item\">\n\t\t\t\t\t\t\t<div class=\"timeline-dot\"><\/div>\n\n\t\t\t\t\t\t\t<div class=\"content-wrap\">\n\t\t\t\t\t\t\t\t<div class=\"content-header\">\n\t\t\t\t\t\t\t\t\t<div class=\"content-inner\">\n\t\t\t\t\t\t\t\t\t\t\t\t\t\t\t\t\t\t\t\t\t<h5 class=\"title\">\"CHILL-CHARGE SYSTEM\u2122\"<\/h5>\n\t\t\t\t\t\t\t\t\t\t\n\t\t\t\t\t\t\t\t\t\t<div class=\"minimog-image image\">\n\t\t\t\t\t\t\t\t\t\t\t<m-image class=\"minimog-lazy-image\" style=\"--lazy-image-width: 680px;--lazy-image-height: 56.323529411765%;\" data-image-loading><img loading=\"lazy\" decoding=\"async\"  src=\"https:\/\/everest.versify.digital\/wp-content\/uploads\/2024\/04\/GIF-chill-charge.gif\" width=\"680\" height=\"383\" alt=\"GIF-chill-charge\" class=\"attachment-full size-full\" \/><\/m-image>\t\t\t\t\t\t\t\t\t\t<\/div>\n\t\t\t\t\t\t\t\t\t<\/div>\n\t\t\t\t\t\t\t\t<\/div>\n\n\t\t\t\t\t\t\t\t<div class=\"content-main\">\n\t\t\t\t\t\t\t\t\t<div class=\"content-inner\">\n\t\t\t\t\t\t\t\t\t\t\n\t\t\t\t\t\t\t\t\t\t\t\t\t\t\t\t\t\t\t\t\t<div class=\"description\">\n\t\t\t\t\t\t\t\t\t\t\t\tForget the ice and whisky stones !\n\"The Chill - Charge\u2122 system is integrated into the glass. Keep the glass in the freezer to charge the glass with cooling energy.\n\nEvenly chill your whisky in less than 18 seconds without chilling it. Enjoy a perfect whisky tasting experience.\t\t\t\t\t\t\t\t\t\t\t<\/div>\n\t\t\t\t\t\t\t\t\t\t\t\t\t\t\t\t\t\t\t<\/div>\n\t\t\t\t\t\t\t\t<\/div>\n\t\t\t\t\t\t\t<\/div>\n\t\t\t\t\t\t<\/div>\n\t\t\t\t\t\t\t\t\t\t\t<div class=\"timeline-item item\">\n\t\t\t\t\t\t\t<div class=\"timeline-dot\"><\/div>\n\n\t\t\t\t\t\t\t<div class=\"content-wrap\">\n\t\t\t\t\t\t\t\t<div class=\"content-header\">\n\t\t\t\t\t\t\t\t\t<div class=\"content-inner\">\n\t\t\t\t\t\t\t\t\t\t\t\t\t\t\t\t\t\t\t\t\t<h5 class=\"title\">MEASURE YOUR DRINK BY THE PEAKS<\/h5>\n\t\t\t\t\t\t\t\t\t\t\n\t\t\t\t\t\t\t\t\t\t<div class=\"minimog-image image\">\n\t\t\t\t\t\t\t\t\t\t\t<m-image class=\"minimog-lazy-image\" style=\"--lazy-image-width: 680px;--lazy-image-height: 56.323529411765%;\" data-image-loading><img loading=\"lazy\" decoding=\"async\"  src=\"https:\/\/everest.versify.digital\/wp-content\/uploads\/2024\/04\/SCALETOSUMMIT.gif\" width=\"680\" height=\"383\" alt=\"SCALETOSUMMIT\" class=\"attachment-full size-full\" \/><\/m-image>\t\t\t\t\t\t\t\t\t\t<\/div>\n\t\t\t\t\t\t\t\t\t<\/div>\n\t\t\t\t\t\t\t\t<\/div>\n\n\t\t\t\t\t\t\t\t<div class=\"content-main\">\n\t\t\t\t\t\t\t\t\t<div class=\"content-inner\">\n\t\t\t\t\t\t\t\t\t\t\n\t\t\t\t\t\t\t\t\t\t\t\t\t\t\t\t\t\t\t\t\t<div class=\"description\">\n\t\t\t\t\t\t\t\t\t\t\t\t<p>Measure your drink with landmarks !<\/p><p>Viengubas: K2 stovykla 3 (7.400 mt)<\/p><p><br \/>Dvigubas: K2 stovykla 4 (8.000 mt)<br \/>Trigubas: K2 vir\u0161ukaln\u0117 (8.611 mt)<\/p>\t\t\t\t\t\t\t\t\t\t\t<\/div>\n\t\t\t\t\t\t\t\t\t\t\t\t\t\t\t\t\t\t\t<\/div>\n\t\t\t\t\t\t\t\t<\/div>\n\t\t\t\t\t\t\t<\/div>\n\t\t\t\t\t\t<\/div>\n\t\t\t\t\t\t\t\t\t\t\t<div class=\"timeline-item item\">\n\t\t\t\t\t\t\t<div class=\"timeline-dot\"><\/div>\n\n\t\t\t\t\t\t\t<div class=\"content-wrap\">\n\t\t\t\t\t\t\t\t<div class=\"content-header\">\n\t\t\t\t\t\t\t\t\t<div class=\"content-inner\">\n\t\t\t\t\t\t\t\t\t\t\t\t\t\t\t\t\t\t\t\t\t<h5 class=\"title\">REVEAL THE AROMA<\/h5>\n\t\t\t\t\t\t\t\t\t\t\n\t\t\t\t\t\t\t\t\t\t<div class=\"minimog-image image\">\n\t\t\t\t\t\t\t\t\t\t\t<m-image class=\"minimog-lazy-image\" style=\"--lazy-image-width: 680px;--lazy-image-height: 56.323529411765%;\" data-image-loading><img loading=\"lazy\" decoding=\"async\"  src=\"https:\/\/everest.versify.digital\/wp-content\/uploads\/2024\/04\/aeration.gif\" width=\"680\" height=\"383\" alt=\"aeration\" class=\"attachment-full size-full\" \/><\/m-image>\t\t\t\t\t\t\t\t\t\t<\/div>\n\t\t\t\t\t\t\t\t\t<\/div>\n\t\t\t\t\t\t\t\t<\/div>\n\n\t\t\t\t\t\t\t\t<div class=\"content-main\">\n\t\t\t\t\t\t\t\t\t<div class=\"content-inner\">\n\t\t\t\t\t\t\t\t\t\t\n\t\t\t\t\t\t\t\t\t\t\t\t\t\t\t\t\t\t\t\t\t<div class=\"description\">\n\t\t\t\t\t\t\t\t\t\t\t\t<p>The 3D hill design provides a natural aeration that brings out the aroma of your favourite whisky and enhances the taste experience.<br \/>G\u0117rimas, tek\u0117damas K2 tauri\u0173 reljefu sukuria bangas, kurios skatina g\u0117rimo oksidacij\u0105. \u0160is procesas priver\u010dia etanol\u012f garuoti, maloniai su\u017eadindamas uosl\u0117s bei skonio receptorius.<\/p>\t\t\t\t\t\t\t\t\t\t\t<\/div>\n\t\t\t\t\t\t\t\t\t\t\t\t\t\t\t\t\t\t\t<\/div>\n\t\t\t\t\t\t\t\t<\/div>\n\t\t\t\t\t\t\t<\/div>\n\t\t\t\t\t\t<\/div>\n\t\t\t\t\t\t\t\t\t\t\t<div class=\"timeline-item item\">\n\t\t\t\t\t\t\t<div class=\"timeline-dot\"><\/div>\n\n\t\t\t\t\t\t\t<div class=\"content-wrap\">\n\t\t\t\t\t\t\t\t<div class=\"content-header\">\n\t\t\t\t\t\t\t\t\t<div class=\"content-inner\">\n\t\t\t\t\t\t\t\t\t\t\t\t\t\t\t\t\t\t\t\t\t<h5 class=\"title\">DIZAINAS KOLEKCIONIERIAMS<\/h5>\n\t\t\t\t\t\t\t\t\t\t\n\t\t\t\t\t\t\t\t\t\t<div class=\"minimog-image image\">\n\t\t\t\t\t\t\t\t\t\t\t<m-image class=\"minimog-lazy-image\" style=\"--lazy-image-width: 640px;--lazy-image-height: 56.40625%;\" data-image-loading><img loading=\"lazy\" decoding=\"async\"  src=\"https:\/\/everest.versify.digital\/wp-content\/uploads\/2024\/04\/K2.gif\" width=\"640\" height=\"361\" alt=\"K2\" class=\"attachment-full size-full\" \/><\/m-image>\t\t\t\t\t\t\t\t\t\t<\/div>\n\t\t\t\t\t\t\t\t\t<\/div>\n\t\t\t\t\t\t\t\t<\/div>\n\n\t\t\t\t\t\t\t\t<div class=\"content-main\">\n\t\t\t\t\t\t\t\t\t<div class=\"content-inner\">\n\t\t\t\t\t\t\t\t\t\t\n\t\t\t\t\t\t\t\t\t\t\t\t\t\t\t\t\t\t\t\t\t<div class=\"description\">\n\t\t\t\t\t\t\t\t\t\t\t\t<p><b>K2 arba kitaip \u017einomas Chogori<\/b>\u00a0\u2013 Kaln\u0173 Karalius st\u016bksantis Pakistane, tituluojamas pavojingiausiu pasaulio kalnu. Antras PASAULYJE kalnas pagal auk\u0161t\u012f ir mirtingum\u0105 \u2013 vienus g\u0105sdina, kitus \u017eavi ir traukia i\u0161bandyt savo j\u0117gas.. \u0160is negailestingas \u201ekalnas \u017eudikas\u201d statisti\u0161kai nusine\u0161a beveik kas 3-\u010dio, bandan\u010dio j\u012f \u012fveikti, alpinisto gyvyb\u0119. Na, o mes si\u016blome pataupyti j\u0117gas ir juo m\u0117gautis viskio apsupty \u2013 naujojoje Liiton taur\u0117je.<\/p>\t\t\t\t\t\t\t\t\t\t\t<\/div>\n\t\t\t\t\t\t\t\t\t\t\t\t\t\t\t\t\t\t\t<\/div>\n\t\t\t\t\t\t\t\t<\/div>\n\t\t\t\t\t\t\t<\/div>\n\t\t\t\t\t\t<\/div>\n\t\t\t\t\t\t\t\t\t\t\t<div class=\"timeline-item item\">\n\t\t\t\t\t\t\t<div class=\"timeline-dot\"><\/div>\n\n\t\t\t\t\t\t\t<div class=\"content-wrap\">\n\t\t\t\t\t\t\t\t<div class=\"content-header\">\n\t\t\t\t\t\t\t\t\t<div class=\"content-inner\">\n\t\t\t\t\t\t\t\t\t\t\t\t\t\t\t\t\t\t\t\t\t<h5 class=\"title\">FROM NATURE TO NATURE<\/h5>\n\t\t\t\t\t\t\t\t\t\t\n\t\t\t\t\t\t\t\t\t\t<div class=\"minimog-image image\">\n\t\t\t\t\t\t\t\t\t\t\t<m-image class=\"minimog-lazy-image\" style=\"--lazy-image-width: 680px;--lazy-image-height: 65.147058823529%;\" data-image-loading><img loading=\"lazy\" decoding=\"async\"  src=\"https:\/\/everest.versify.digital\/wp-content\/uploads\/2024\/04\/GIF-From-nature-for-nature.gif\" width=\"680\" height=\"443\" alt=\"GIF-From-nature-for-nature\" class=\"attachment-full size-full\" \/><\/m-image>\t\t\t\t\t\t\t\t\t\t<\/div>\n\t\t\t\t\t\t\t\t\t<\/div>\n\t\t\t\t\t\t\t\t<\/div>\n\n\t\t\t\t\t\t\t\t<div class=\"content-main\">\n\t\t\t\t\t\t\t\t\t<div class=\"content-inner\">\n\t\t\t\t\t\t\t\t\t\t\n\t\t\t\t\t\t\t\t\t\t\t\t\t\t\t\t\t\t\t\t\t<div class=\"description\">\n\t\t\t\t\t\t\t\t\t\t\t\tCrystalline glass is a wonderful alternative to lead crystal. Wonderful to look at, hold and display. This glass has amazing clarity and smoothness and is lead-free!<br>\n<br>\nBenefits of crystalline glass:<br>\n<br>\n- High glass transparency\n- No risk of lead leaching into drinks or alcohol\n- Dishwasher safe<br>\n<br>\n\nMade from 100% recyclable silicate, the Everest whisky set is made from nature's most recyclable material.\t\t\t\t\t\t\t\t\t\t\t<\/div>\n\t\t\t\t\t\t\t\t\t\t\t\t\t\t\t\t\t\t\t<\/div>\n\t\t\t\t\t\t\t\t<\/div>\n\t\t\t\t\t\t\t<\/div>\n\t\t\t\t\t\t<\/div>\n\t\t\t\t\t\t\t\t\t<\/div>\n\t\t\t\t\t<\/div>\n\t\t\t\t\t\t<\/div>\n\t\t\t\t<\/div>\n\t\t\t\t\t<\/div>\n\t\t\t\t<\/div>\n\t\t\t\t<\/div>","protected":false},"excerpt":{"rendered":"<p><strong>Unikali antro auk\u0161\u010diausio pasaulyje K2 (Chogori) kalno replika.<\/strong><\/p>","protected":false},"featured_media":25947,"comment_status":"closed","ping_status":"closed","template":"elementor_theme","meta":[],"product_brand":[],"product_cat":[272],"product_tag":[],"_links":{"self":[{"href":"https:\/\/everest.versify.digital\/en\/wp-json\/wp\/v2\/product\/25516"}],"collection":[{"href":"https:\/\/everest.versify.digital\/en\/wp-json\/wp\/v2\/product"}],"about":[{"href":"https:\/\/everest.versify.digital\/en\/wp-json\/wp\/v2\/types\/product"}],"replies":[{"embeddable":true,"href":"https:\/\/everest.versify.digital\/en\/wp-json\/wp\/v2\/comments?post=25516"}],"version-history":[{"count":6,"href":"https:\/\/everest.versify.digital\/en\/wp-json\/wp\/v2\/product\/25516\/revisions"}],"predecessor-version":[{"id":25835,"href":"https:\/\/everest.versify.digital\/en\/wp-json\/wp\/v2\/product\/25516\/revisions\/25835"}],"wp:featuredmedia":[{"embeddable":true,"href":"https:\/\/everest.versify.digital\/en\/wp-json\/wp\/v2\/media\/25947"}],"wp:attachment":[{"href":"https:\/\/everest.versify.digital\/en\/wp-json\/wp\/v2\/media?parent=25516"}],"wp:term":[{"taxonomy":"product_brand","embeddable":true,"href":"https:\/\/everest.versify.digital\/en\/wp-json\/wp\/v2\/product_brand?post=25516"},{"taxonomy":"product_cat","embeddable":true,"href":"https:\/\/everest.versify.digital\/en\/wp-json\/wp\/v2\/product_cat?post=25516"},{"taxonomy":"product_tag","embeddable":true,"href":"https:\/\/everest.versify.digital\/en\/wp-json\/wp\/v2\/product_tag?post=25516"}],"curies":[{"name":"wp","href":"https:\/\/api.w.org\/{rel}","templated":true}]}}