{"id":22643,"date":"2024-01-27T16:50:08","date_gmt":"2024-01-27T14:50:08","guid":{"rendered":"https:\/\/everest.versify.digital\/?page_id=22643"},"modified":"2024-01-27T16:50:08","modified_gmt":"2024-01-27T14:50:08","slug":"prekiu-grazinimas","status":"publish","type":"page","link":"https:\/\/everest.versify.digital\/et\/prekiu-grazinimas\/","title":{"rendered":"Kaupade tagastamine"},"content":{"rendered":"<p>Internetis ostetud kvaliteetseid kaupu saab tagastada 14 p\u00e4eva jooksul.&nbsp;<strong>(neliteist) p\u00e4eva<\/strong>&nbsp;alates ostjale tarnimise kuup\u00e4evast.<\/p>\n\n\n\n<p><strong>Kaupade tagastamisel tuleb j\u00e4rgida j\u00e4rgmisi tingimusi:<\/strong><\/p>\n\n\n\n<ul>\n<li>tagastatav toode peab olema heas seisukorras originaalpakendis;<\/li>\n\n\n\n<li>kaup peab olema ostja poolt kahjustamata;<\/li>\n\n\n\n<li>toode peab olema kasutamata ja heas seisukorras (etiketid ja kaitsekiled terved jne);<\/li>\n\n\n\n<li>tagastatav kaup peab olema sama koostisega, mille ostja sai - ostu eest saadud kingitused tuleb samuti tagastada.<\/li>\n<\/ul>\n\n\n\n<p>Kui \u00fclaltoodud tingimused on t\u00e4idetud, palun saatke meile e-kiri. <a href=\"mailto:info@lemila.lt\">info@lemila.lt<\/a>ja palun m\u00e4rkige oma tellimuse number v\u00f5i lisage makset\u00f5end.<\/p>\n\n\n\n<p>P\u00e4rast teie taotluse saamist v\u00f5tame teiega \u00fchendust 2 t\u00f6\u00f6p\u00e4eva jooksul, et korraldada tagasisaatmise \u00fcksikasjad.<\/p>\n\n\n\n<p>Kui olete kauba k\u00e4tte saanud ja veendunud, et seda ei ole kasutatud, tagastatakse raha 3 p\u00e4eva jooksul maksja kontole (v\u00f5i kui see ei ole v\u00f5imalik, siis m\u00f5nele teisele teie poolt m\u00e4\u00e4ratud kontole).<\/p>\n\n\n\n<p>Defektne kaup tagastatakse vastavalt majandusministri 29. juuni 2001. aasta m\u00e4\u00e4rusega nr 217 \"Kaupade tagastamise ja vahetamise eeskirjade kinnitamise kohta\" kinnitatud kaupade tagastamise ja vahetamise eeskirjadele.<\/p>\n\n\n\n<p>Pange t\u00e4hele, et ostjad peaksid vaidluse korral k\u00f5igepealt \u00fchendust v\u00f5tma m\u00fc\u00fcjaga ja kui nad ei suuda vaidlust lahendada, on neil \u00f5igus kasutada vaidluse lahendamiseks veebip\u00f5hist tarbijavaidluste lahendamise platvormi: &nbsp;<a href=\"https:\/\/webgate.ec.europa.eu\/odr\/main\/?event=main.home.show\">https:\/\/webgate.ec.europa.eu\/odr\/main\/?event=main.home.show<\/a>.<\/p>","protected":false},"excerpt":{"rendered":"<p>Internetu pirktos kokybi\u0161kos prek\u0117s gali b\u016bti gr\u0105\u017einamos per 14&nbsp;(keturiolika) dien\u0173&nbsp;nuo preki\u0173 pristatymo pirk\u0117jui dienos. Gr\u0105\u017einant prekes b\u016btina laikytis \u0161i\u0173 s\u0105lyg\u0173: Jei prie\u0161 tai i\u0161vardintos s\u0105lygos yra \u012fvykdytos, para\u0161ykite mums el. pa\u0161tu info@lemila.lt, bei nurodykite u\u017esakymo numer\u012f arba prid\u0117kite mok\u0117jimo patvirtinimo dokument\u0105.. Gav\u0119 J\u016bs\u0173 pra\u0161ym\u0105, su Jumis susisieksime per 2 darbo dienas ir susiderinsime prek\u0117s gr\u0105\u017einimo detales. Gav\u0119 prek\u0119 ir \u012fsitikin\u0119, kad prek\u0117 yra nenaudota, per 3 d.d.pinigai bus gr\u0105\u017einti \u012f mok\u0117tojo s\u0105skait\u0105 (arba, jei to padaryti negalima, \u012f kit\u0105 J\u016bs\u0173 nurodom\u0105 s\u0105skait\u0105). Nekokybi\u0161kos prek\u0117s gr\u0105\u017einamos vadovaujantis \u016bkio ministro 2001 m. bir\u017eelio 29 d. \u012fsakymu Nr. 217 \u201eD\u0117l Daikt\u0173 gr\u0105\u017einimo ir keitimo taisykli\u0173 patvirtinimo\u201c patvirtintomis Daikt\u0173 gr\u0105\u017einimo ir keitimo taisykl\u0117mis. Informuojame, kad pirk\u0117jai, esant gin\u010dytinai situacijai, tur\u0117t\u0173 pirmiausia kreiptis \u012f pardav\u0117j\u0105, o nepavykus i\u0161spr\u0119sti gin\u010do, turi teis\u0119 kreiptis d\u0117l gin\u010do sprendimo \u012f elektronin\u0119 vartotoj\u0173 gin\u010d\u0173 sprendimo platform\u0105: &nbsp;https:\/\/webgate.ec.europa.eu\/odr\/main\/?event=main.home.show.<\/p>","protected":false},"author":1,"featured_media":0,"parent":0,"menu_order":0,"comment_status":"closed","ping_status":"closed","template":"","meta":{"footnotes":""},"_links":{"self":[{"href":"https:\/\/everest.versify.digital\/et\/wp-json\/wp\/v2\/pages\/22643"}],"collection":[{"href":"https:\/\/everest.versify.digital\/et\/wp-json\/wp\/v2\/pages"}],"about":[{"href":"https:\/\/everest.versify.digital\/et\/wp-json\/wp\/v2\/types\/page"}],"author":[{"embeddable":true,"href":"https:\/\/everest.versify.digital\/et\/wp-json\/wp\/v2\/users\/1"}],"replies":[{"embeddable":true,"href":"https:\/\/everest.versify.digital\/et\/wp-json\/wp\/v2\/comments?post=22643"}],"version-history":[{"count":1,"href":"https:\/\/everest.versify.digital\/et\/wp-json\/wp\/v2\/pages\/22643\/revisions"}],"predecessor-version":[{"id":22644,"href":"https:\/\/everest.versify.digital\/et\/wp-json\/wp\/v2\/pages\/22643\/revisions\/22644"}],"wp:attachment":[{"href":"https:\/\/everest.versify.digital\/et\/wp-json\/wp\/v2\/media?parent=22643"}],"curies":[{"name":"wp","href":"https:\/\/api.w.org\/{rel}","templated":true}]}}