{"id":22646,"date":"2024-01-27T16:55:00","date_gmt":"2024-01-27T14:55:00","guid":{"rendered":"https:\/\/everest.versify.digital\/?page_id=22646"},"modified":"2024-04-02T01:53:20","modified_gmt":"2024-04-01T22:53:20","slug":"pristatymo-salygos","status":"publish","type":"page","link":"https:\/\/everest.versify.digital\/et\/pristatymo-salygos\/","title":{"rendered":"Tarnetingimused"},"content":{"rendered":"<div data-elementor-type=\"wp-page\" data-elementor-id=\"22646\" class=\"elementor elementor-22646\" data-elementor-post-type=\"page\">\n\t\t\t\t<div class=\"elementor-element elementor-element-6e886b46 e-flex e-con-boxed e-con e-parent\" data-id=\"6e886b46\" data-element_type=\"container\">\n\t\t\t\t\t<div class=\"e-con-inner\">\n\t\t\t\t<div class=\"elementor-element elementor-element-4a8201ca elementor-widget elementor-widget-text-editor\" data-id=\"4a8201ca\" data-element_type=\"widget\" data-widget_type=\"text-editor.default\">\n\t\t\t\t<div class=\"elementor-widget-container\">\n\t\t\t\t\t\t\t\t\t\n<p><strong>Osutatud aadressil kogu Leedus (v.a. Kuramaa):<\/strong><\/p>\n<p><span lang=\"lt-LT\">TASUTA L\u00c4HETAMINE:<br \/>- DPD ja LP Expressi postkontorid - ostude puhul, mille v\u00e4\u00e4rtus on 50 eurot v\u00f5i rohkem.<br \/><\/span>- DPD kullerteenus - ostude puhul, mille v\u00e4\u00e4rtus on 60 eurot v\u00f5i rohkem.<br \/><span lang=\"lt-LT\">- Kui valite OMNIVA postiautomaadid - 60 euro ja rohkem ostude puhul.<\/span><\/p>\n<p><span lang=\"lt-LT\">V\u00e4iksemate ostude puhul tarnekulud:<\/span><\/p>\n<p>\u00a0 - Omniva postkontorid - 4.99\u20ac<br \/>\u00a0 - DPD postkontorid - 3.49\u20ac<br \/>\u00a0 - DPD kulleriga koju - 4.49\u20ac<br \/>\u00a0 - LP Express postkontorid - 3.99\u20ac<\/p>\n<p><span lang=\"lt-LT\">Tellimused, mis on kinnitatud enne kella 13:00 t\u00f6\u00f6p\u00e4eval, saadetakse v\u00e4lja samal p\u00e4eval.<br \/>Kaup toimetatakse kohale 2-5 t\u00f6\u00f6p\u00e4eva jooksul, s\u00f5ltuvalt valitud tarneviisist.<\/span><\/p>\n<p><span lang=\"lt-LT\">Kohaletoimetamise kohta Kuressaarde, palun v\u00f5tke meiega \u00fchendust e-posti teel.\u00a0<\/span><a href=\"mailto:info@everestglass.lt\"><span lang=\"lt-LT\">info@everestglass.lt<\/span><\/a><\/p>\n<ul><\/ul>\n<!-- \/wp:list -->\t\t\t\t\t\t\t\t<\/div>\n\t\t\t\t<\/div>\n\t\t\t\t\t<\/div>\n\t\t\t\t<\/div>\n\t\t\t\t<\/div>","protected":false},"excerpt":{"rendered":"<p>Nurodytu adresu visoje Lietuvoje (i\u0161skyrus Kur\u0161i\u0173 Nerij\u0105): PRISTATYMAS NEMOKAMAS:\u2013 Renkantis DPD ir LP Express pa\u0161tomatus \u2013 perkant u\u017e 50\u20ac ir daugiau.\u2013 DPD kurjeriu \u2013 perkant u\u017e 60\u20ac ir daugiau.\u2013 Renkantis OMNIVA pa\u0161tomatus \u2013 perkant u\u017e 60\u20ac ir daugiau. Perkant u\u017e ma\u017eesnes sumas pristatymo kaina: \u00a0 \u2013 Omniva pa\u0161tomatai \u2013 4.99\u20ac\u00a0 \u2013 DPD pa\u0161tomatai \u2013 3.49\u20ac\u00a0 \u2013 DPD kurjeris \u012f namus \u2013 4.49\u20ac\u00a0 \u2013 LP Express pa\u0161tomatai \u2013 3.99\u20ac U\u017esakym\u0105, patvirtint\u0105 darbo dien\u0105 iki 13val., i\u0161siun\u010diame t\u0105 pa\u010di\u0105 dien\u0105.Prek\u0117s yra pristatomos per 2-5 darbo dienas, priklausomai nuo pasirinkto pristatymo b\u016bdo. D\u0117l pristatymo \u012f Kur\u0161i\u0173 Nerij\u0105 susisiekite su mumis el.pa\u0161tu\u00a0info@everestglass.lt<\/p>","protected":false},"author":1,"featured_media":0,"parent":0,"menu_order":0,"comment_status":"closed","ping_status":"closed","template":"","meta":{"footnotes":""},"_links":{"self":[{"href":"https:\/\/everest.versify.digital\/et\/wp-json\/wp\/v2\/pages\/22646"}],"collection":[{"href":"https:\/\/everest.versify.digital\/et\/wp-json\/wp\/v2\/pages"}],"about":[{"href":"https:\/\/everest.versify.digital\/et\/wp-json\/wp\/v2\/types\/page"}],"author":[{"embeddable":true,"href":"https:\/\/everest.versify.digital\/et\/wp-json\/wp\/v2\/users\/1"}],"replies":[{"embeddable":true,"href":"https:\/\/everest.versify.digital\/et\/wp-json\/wp\/v2\/comments?post=22646"}],"version-history":[{"count":5,"href":"https:\/\/everest.versify.digital\/et\/wp-json\/wp\/v2\/pages\/22646\/revisions"}],"predecessor-version":[{"id":25580,"href":"https:\/\/everest.versify.digital\/et\/wp-json\/wp\/v2\/pages\/22646\/revisions\/25580"}],"wp:attachment":[{"href":"https:\/\/everest.versify.digital\/et\/wp-json\/wp\/v2\/media?parent=22646"}],"curies":[{"name":"wp","href":"https:\/\/api.w.org\/{rel}","templated":true}]}}