{"id":25507,"date":"2024-04-02T01:44:01","date_gmt":"2024-04-01T22:44:01","guid":{"rendered":"https:\/\/everest.versify.digital\/?post_type=product&#038;p=25507"},"modified":"2024-04-17T21:45:05","modified_gmt":"2024-04-17T18:45:05","slug":"viskio-taures-everest-4vnt","status":"publish","type":"product","link":"https:\/\/everest.versify.digital\/et\/product\/viskio-taures-everest-4vnt\/","title":{"rendered":"EVEREST viskiklaasid (4tk)"},"content":{"rendered":"<div data-elementor-type=\"product-post\" data-elementor-id=\"25507\" class=\"elementor elementor-25507\" data-elementor-post-type=\"product\">\n\t\t\t\t<div class=\"elementor-element elementor-element-e1d1966 e-con-full e-flex e-con e-parent\" data-id=\"e1d1966\" data-element_type=\"container\">\n\t\t\t\t<div class=\"elementor-element elementor-element-bcf3d01 elementor-widget elementor-widget-video\" data-id=\"bcf3d01\" data-element_type=\"widget\" data-settings=\"{&quot;youtube_url&quot;:&quot;https:\\\/\\\/youtu.be\\\/Dl7BQ60yvr8&quot;,&quot;modestbranding&quot;:&quot;yes&quot;,&quot;video_type&quot;:&quot;youtube&quot;,&quot;controls&quot;:&quot;yes&quot;}\" data-widget_type=\"video.default\">\n\t\t\t\t<div class=\"elementor-widget-container\">\n\t\t\t\t\t\t\t<div class=\"elementor-wrapper elementor-open-inline\">\n\t\t\t<div class=\"elementor-video\"><\/div>\t\t<\/div>\n\t\t\t\t\t\t<\/div>\n\t\t\t\t<\/div>\n\t\t\t\t<\/div>\n\t\t<div class=\"elementor-element elementor-element-c5ddd98 e-flex e-con-boxed e-con e-parent\" data-id=\"c5ddd98\" data-element_type=\"container\">\n\t\t\t\t\t<div class=\"e-con-inner\">\n\t\t\t\t<div class=\"elementor-element elementor-element-c46ad0a elementor-widget elementor-widget-tm-timeline\" data-id=\"c46ad0a\" data-element_type=\"widget\" data-widget_type=\"tm-timeline.default\">\n\t\t\t\t<div class=\"elementor-widget-container\">\n\t\t\t\t\t\t\t<div class=\"minimog-timeline style-01\">\n\t\t\t<div class=\"timeline-line\"><\/div>\n\t\t\t\t\t\t\t<div class=\"timeline-list\">\n\t\t\t\t\t\t\t\t\t\t\t<div class=\"timeline-item item\">\n\t\t\t\t\t\t\t<div class=\"timeline-dot\"><\/div>\n\n\t\t\t\t\t\t\t<div class=\"content-wrap\">\n\t\t\t\t\t\t\t\t<div class=\"content-header\">\n\t\t\t\t\t\t\t\t\t<div class=\"content-inner\">\n\t\t\t\t\t\t\t\t\t\t\t\t\t\t\t\t\t\t\t\t\t<h5 class=\"title\">\u00dcKS EVERESTI VISKIKLAAS KAALUB UMBES 430 G JA ON AINUS VISKIKLAAS MAAILMAS, MILLE KLAASI SEES ON T\u00c4PNE EVERESTI M\u00c4E SKULPTUUR.<\/h5>\n\t\t\t\t\t\t\t\t\t\t\n\t\t\t\t\t\t\t\t\t\t<div class=\"minimog-image image\">\n\t\t\t\t\t\t\t\t\t\t\t<m-image class=\"minimog-lazy-image\" style=\"--lazy-image-width: 680px;--lazy-image-height: 61.617647058824%;\" data-image-loading><img loading=\"lazy\" decoding=\"async\"  src=\"https:\/\/everest.versify.digital\/wp-content\/uploads\/2024\/04\/GIF-Glass.gif\" width=\"680\" height=\"419\" alt=\"GIF-Glass\" class=\"attachment-full size-full\" \/><\/m-image>\t\t\t\t\t\t\t\t\t\t<\/div>\n\t\t\t\t\t\t\t\t\t<\/div>\n\t\t\t\t\t\t\t\t<\/div>\n\n\t\t\t\t\t\t\t\t<div class=\"content-main\">\n\t\t\t\t\t\t\t\t\t<div class=\"content-inner\">\n\t\t\t\t\t\t\t\t\t\t\n\t\t\t\t\t\t\t\t\t\t\t\t\t\t\t\t\t\t\t\t\t<div class=\"description\">\n\t\t\t\t\t\t\t\t\t\t\t\t<p class=\"qodef-e-text\">Patenteeritud Chill-Charge System\u2122 jahutab teie joogi vaid 18 sekundiga. Vabastage viski aroomid, keerutades oma jooki \u00f5rnalt Mount Everesti reljeefide \u00fcmber.<\/p><p>\u00dchendage need klaasid Everesti dekanteriga ja parandage koheselt oma kokteilijoomise rutiini, olenemata sellest, kas soovite s\u00f5pradele jooke pakkuda v\u00f5i esitlete neid klaase koos oma joogikollektsiooniga.<\/p>\t\t\t\t\t\t\t\t\t\t\t<\/div>\n\t\t\t\t\t\t\t\t\t\t\t\t\t\t\t\t\t\t\t<\/div>\n\t\t\t\t\t\t\t\t<\/div>\n\t\t\t\t\t\t\t<\/div>\n\t\t\t\t\t\t<\/div>\n\t\t\t\t\t\t\t\t\t\t\t<div class=\"timeline-item item\">\n\t\t\t\t\t\t\t<div class=\"timeline-dot\"><\/div>\n\n\t\t\t\t\t\t\t<div class=\"content-wrap\">\n\t\t\t\t\t\t\t\t<div class=\"content-header\">\n\t\t\t\t\t\t\t\t\t<div class=\"content-inner\">\n\t\t\t\t\t\t\t\t\t\t\t\t\t\t\t\t\t\t\t\t\t<h5 class=\"title\">\"CHILL-LAADIMISS\u00dcSTEEM\u2122\"<\/h5>\n\t\t\t\t\t\t\t\t\t\t\n\t\t\t\t\t\t\t\t\t\t<div class=\"minimog-image image\">\n\t\t\t\t\t\t\t\t\t\t\t<m-image class=\"minimog-lazy-image\" style=\"--lazy-image-width: 680px;--lazy-image-height: 56.323529411765%;\" data-image-loading><img loading=\"lazy\" decoding=\"async\"  src=\"https:\/\/everest.versify.digital\/wp-content\/uploads\/2024\/04\/GIF-chill-charge.gif\" width=\"680\" height=\"383\" alt=\"GIF-chill-charge\" class=\"attachment-full size-full\" \/><\/m-image>\t\t\t\t\t\t\t\t\t\t<\/div>\n\t\t\t\t\t\t\t\t\t<\/div>\n\t\t\t\t\t\t\t\t<\/div>\n\n\t\t\t\t\t\t\t\t<div class=\"content-main\">\n\t\t\t\t\t\t\t\t\t<div class=\"content-inner\">\n\t\t\t\t\t\t\t\t\t\t\n\t\t\t\t\t\t\t\t\t\t\t\t\t\t\t\t\t\t\t\t\t<div class=\"description\">\n\t\t\t\t\t\t\t\t\t\t\t\tUnustage j\u00e4\u00e4 ja viskikivid !\n\"Chill - Charge\u2122\" s\u00fcsteem on integreeritud klaasi sisse. Hoidke klaasi s\u00fcgavk\u00fclmas, et laadida klaasi jahutusenergiaga.\n\nJahutage oma viskit \u00fchtlaselt v\u00e4hem kui 18 sekundiga, ilma et see oleks jahutatud. Nautige t\u00e4iuslikku viskimaitseelamust.\t\t\t\t\t\t\t\t\t\t\t<\/div>\n\t\t\t\t\t\t\t\t\t\t\t\t\t\t\t\t\t\t\t<\/div>\n\t\t\t\t\t\t\t\t<\/div>\n\t\t\t\t\t\t\t<\/div>\n\t\t\t\t\t\t<\/div>\n\t\t\t\t\t\t\t\t\t\t\t<div class=\"timeline-item item\">\n\t\t\t\t\t\t\t<div class=\"timeline-dot\"><\/div>\n\n\t\t\t\t\t\t\t<div class=\"content-wrap\">\n\t\t\t\t\t\t\t\t<div class=\"content-header\">\n\t\t\t\t\t\t\t\t\t<div class=\"content-inner\">\n\t\t\t\t\t\t\t\t\t\t\t\t\t\t\t\t\t\t\t\t\t<h5 class=\"title\">M\u00d5\u00d5DA OMA JOOKI TIPPUDE J\u00c4RGI<\/h5>\n\t\t\t\t\t\t\t\t\t\t\n\t\t\t\t\t\t\t\t\t\t<div class=\"minimog-image image\">\n\t\t\t\t\t\t\t\t\t\t\t<m-image class=\"minimog-lazy-image\" style=\"--lazy-image-width: 680px;--lazy-image-height: 56.323529411765%;\" data-image-loading><img loading=\"lazy\" decoding=\"async\"  src=\"https:\/\/everest.versify.digital\/wp-content\/uploads\/2024\/04\/GIF-scale-the-summit.gif\" width=\"680\" height=\"383\" alt=\"GIF-scale-the-summit\" class=\"attachment-full size-full\" \/><\/m-image>\t\t\t\t\t\t\t\t\t\t<\/div>\n\t\t\t\t\t\t\t\t\t<\/div>\n\t\t\t\t\t\t\t\t<\/div>\n\n\t\t\t\t\t\t\t\t<div class=\"content-main\">\n\t\t\t\t\t\t\t\t\t<div class=\"content-inner\">\n\t\t\t\t\t\t\t\t\t\t\n\t\t\t\t\t\t\t\t\t\t\t\t\t\t\t\t\t\t\t\t\t<div class=\"description\">\n\t\t\t\t\t\t\t\t\t\t\t\tM\u00f5\u00f5tke oma jooki maam\u00e4rkidega !<br>\n\n\u00dchekordne: P\u00f5hja baaslaager Tiibet (5150 m)\nKahekohaline: L\u00f5una baaslaager II Nepalis (5364 m)\nKolmekordne: Everesti tipp (8,848 mt)\t\t\t\t\t\t\t\t\t\t\t<\/div>\n\t\t\t\t\t\t\t\t\t\t\t\t\t\t\t\t\t\t\t<\/div>\n\t\t\t\t\t\t\t\t<\/div>\n\t\t\t\t\t\t\t<\/div>\n\t\t\t\t\t\t<\/div>\n\t\t\t\t\t\t\t\t\t\t\t<div class=\"timeline-item item\">\n\t\t\t\t\t\t\t<div class=\"timeline-dot\"><\/div>\n\n\t\t\t\t\t\t\t<div class=\"content-wrap\">\n\t\t\t\t\t\t\t\t<div class=\"content-header\">\n\t\t\t\t\t\t\t\t\t<div class=\"content-inner\">\n\t\t\t\t\t\t\t\t\t\t\t\t\t\t\t\t\t\t\t\t\t<h5 class=\"title\">PALJASTADA AROOMI<\/h5>\n\t\t\t\t\t\t\t\t\t\t\n\t\t\t\t\t\t\t\t\t\t<div class=\"minimog-image image\">\n\t\t\t\t\t\t\t\t\t\t\t<m-image class=\"minimog-lazy-image\" style=\"--lazy-image-width: 680px;--lazy-image-height: 56.323529411765%;\" data-image-loading><img loading=\"lazy\" decoding=\"async\"  src=\"https:\/\/everest.versify.digital\/wp-content\/uploads\/2024\/04\/GIF-unlock-the-flavour.gif\" width=\"680\" height=\"383\" alt=\"GIF-unlock-the-flavour\" class=\"attachment-full size-full\" \/><\/m-image>\t\t\t\t\t\t\t\t\t\t<\/div>\n\t\t\t\t\t\t\t\t\t<\/div>\n\t\t\t\t\t\t\t\t<\/div>\n\n\t\t\t\t\t\t\t\t<div class=\"content-main\">\n\t\t\t\t\t\t\t\t\t<div class=\"content-inner\">\n\t\t\t\t\t\t\t\t\t\t\n\t\t\t\t\t\t\t\t\t\t\t\t\t\t\t\t\t\t\t\t\t<div class=\"description\">\n\t\t\t\t\t\t\t\t\t\t\t\t3D-m\u00e4e disain tagab loomuliku \u00f5hutamise, mis toob esile teie lemmikviski aroomi ja parandab maitseelamust.\nKui jook voolab l\u00e4bi Everesti maastiku, tekitab see laineid, mis soodustavad joogi oks\u00fcdeerumist.\nSee protsess p\u00f5hjustab etanooli aurustumist, stimuleerides meeldivalt l\u00f5hna- ja maitseretseptoreid.\t\t\t\t\t\t\t\t\t\t\t<\/div>\n\t\t\t\t\t\t\t\t\t\t\t\t\t\t\t\t\t\t\t<\/div>\n\t\t\t\t\t\t\t\t<\/div>\n\t\t\t\t\t\t\t<\/div>\n\t\t\t\t\t\t<\/div>\n\t\t\t\t\t\t\t\t\t\t\t<div class=\"timeline-item item\">\n\t\t\t\t\t\t\t<div class=\"timeline-dot\"><\/div>\n\n\t\t\t\t\t\t\t<div class=\"content-wrap\">\n\t\t\t\t\t\t\t\t<div class=\"content-header\">\n\t\t\t\t\t\t\t\t\t<div class=\"content-inner\">\n\t\t\t\t\t\t\t\t\t\t\t\t\t\t\t\t\t\t\t\t\t<h5 class=\"title\">EVERESTI T\u00d5ELINE KOOPIA<\/h5>\n\t\t\t\t\t\t\t\t\t\t\n\t\t\t\t\t\t\t\t\t\t<div class=\"minimog-image image\">\n\t\t\t\t\t\t\t\t\t\t\t<m-image class=\"minimog-lazy-image\" style=\"--lazy-image-width: 680px;--lazy-image-height: 55%;\" data-image-loading><img loading=\"lazy\" decoding=\"async\"  src=\"https:\/\/everest.versify.digital\/wp-content\/uploads\/2024\/04\/GIF-Everest-Replica.gif\" width=\"680\" height=\"374\" alt=\"GIF-Everest-Replica\" class=\"attachment-full size-full\" \/><\/m-image>\t\t\t\t\t\t\t\t\t\t<\/div>\n\t\t\t\t\t\t\t\t\t<\/div>\n\t\t\t\t\t\t\t\t<\/div>\n\n\t\t\t\t\t\t\t\t<div class=\"content-main\">\n\t\t\t\t\t\t\t\t\t<div class=\"content-inner\">\n\t\t\t\t\t\t\t\t\t\t\n\t\t\t\t\t\t\t\t\t\t\t\t\t\t\t\t\t\t\t\t\t<div class=\"description\">\n\t\t\t\t\t\t\t\t\t\t\t\t<p>V\u00f5tke see k\u00e4tte <strong>Maailma v\u00f5imsaim tipp.<\/strong><\/p><p>\"Everest Whisky Cup\" on Mount Everesti 1:1 koopia, mis on moodustatud tassi sees.<\/p>\t\t\t\t\t\t\t\t\t\t\t<\/div>\n\t\t\t\t\t\t\t\t\t\t\t\t\t\t\t\t\t\t\t<\/div>\n\t\t\t\t\t\t\t\t<\/div>\n\t\t\t\t\t\t\t<\/div>\n\t\t\t\t\t\t<\/div>\n\t\t\t\t\t\t\t\t\t\t\t<div class=\"timeline-item item\">\n\t\t\t\t\t\t\t<div class=\"timeline-dot\"><\/div>\n\n\t\t\t\t\t\t\t<div class=\"content-wrap\">\n\t\t\t\t\t\t\t\t<div class=\"content-header\">\n\t\t\t\t\t\t\t\t\t<div class=\"content-inner\">\n\t\t\t\t\t\t\t\t\t\t\t\t\t\t\t\t\t\t\t\t\t<h5 class=\"title\">LOODUSEST LOODUSELE<\/h5>\n\t\t\t\t\t\t\t\t\t\t\n\t\t\t\t\t\t\t\t\t\t<div class=\"minimog-image image\">\n\t\t\t\t\t\t\t\t\t\t\t<m-image class=\"minimog-lazy-image\" style=\"--lazy-image-width: 680px;--lazy-image-height: 65.147058823529%;\" data-image-loading><img loading=\"lazy\" decoding=\"async\"  src=\"https:\/\/everest.versify.digital\/wp-content\/uploads\/2024\/04\/GIF-From-nature-for-nature.gif\" width=\"680\" height=\"443\" alt=\"GIF-From-nature-for-nature\" class=\"attachment-full size-full\" \/><\/m-image>\t\t\t\t\t\t\t\t\t\t<\/div>\n\t\t\t\t\t\t\t\t\t<\/div>\n\t\t\t\t\t\t\t\t<\/div>\n\n\t\t\t\t\t\t\t\t<div class=\"content-main\">\n\t\t\t\t\t\t\t\t\t<div class=\"content-inner\">\n\t\t\t\t\t\t\t\t\t\t\n\t\t\t\t\t\t\t\t\t\t\t\t\t\t\t\t\t\t\t\t\t<div class=\"description\">\n\t\t\t\t\t\t\t\t\t\t\t\tKristallklaas on suurep\u00e4rane alternatiiv pliikristallile. Seda on imeline vaadata, hoida ja eksponeerida. See klaas on h\u00e4mmastavalt selge ja sile ning pliivaba!<br>\n<br>\nKristallilise klaasi eelised:<br>\n<br>\n- K\u00f5rge klaasi l\u00e4bipaistvus\n- Plii leostumise ohtu jookidesse v\u00f5i alkoholi ei ole.\n- N\u00f5udepesumasinas pestav<br>\n<br>\n\nEveresti viskikomplekt on valmistatud 100% taaskasutatavast silikaadist, mis on valmistatud looduse k\u00f5ige paremini taaskasutatavast materjalist.\t\t\t\t\t\t\t\t\t\t\t<\/div>\n\t\t\t\t\t\t\t\t\t\t\t\t\t\t\t\t\t\t\t<\/div>\n\t\t\t\t\t\t\t\t<\/div>\n\t\t\t\t\t\t\t<\/div>\n\t\t\t\t\t\t<\/div>\n\t\t\t\t\t\t\t\t\t\t\t<div class=\"timeline-item item\">\n\t\t\t\t\t\t\t<div class=\"timeline-dot\"><\/div>\n\n\t\t\t\t\t\t\t<div class=\"content-wrap\">\n\t\t\t\t\t\t\t\t<div class=\"content-header\">\n\t\t\t\t\t\t\t\t\t<div class=\"content-inner\">\n\t\t\t\t\t\t\t\t\t\t\t\t\t\t\t\t\t\t\t\t\t<h5 class=\"title\">PUIKI KINGITUS<\/h5>\n\t\t\t\t\t\t\t\t\t\t\n\t\t\t\t\t\t\t\t\t\t<div class=\"minimog-image image\">\n\t\t\t\t\t\t\t\t\t\t\t<m-image class=\"minimog-lazy-image\" style=\"--lazy-image-width: 872px;--lazy-image-height: 100%;\" data-image-loading><img loading=\"lazy\" decoding=\"async\"  src=\"https:\/\/everest.versify.digital\/wp-content\/uploads\/2024\/04\/y4msaK5G0J.jpeg\" width=\"872\" height=\"872\" alt=\"y4msaK5G0J\" class=\"attachment-full size-full\" \/><\/m-image>\t\t\t\t\t\t\t\t\t\t<\/div>\n\t\t\t\t\t\t\t\t\t<\/div>\n\t\t\t\t\t\t\t\t<\/div>\n\n\t\t\t\t\t\t\t\t<div class=\"content-main\">\n\t\t\t\t\t\t\t\t\t<div class=\"content-inner\">\n\t\t\t\t\t\t\t\t\t\t\n\t\t\t\t\t\t\t\t\t\t\t\t\t\t\t\t\t\t\t\t\t<div class=\"description\">\n\t\t\t\t\t\t\t\t\t\t\t\tKingi Everesti viskiklaasid oma abikaasale, isale, vanavanemale, vennale, s\u00f5brale v\u00f5i \u00e4ripartnerile. Ainulaadne disain muudab kingituse eriliseks ja loob \"vau\" hetke.\t\t\t\t\t\t\t\t\t\t\t<\/div>\n\t\t\t\t\t\t\t\t\t\t\t\t\t\t\t\t\t\t\t<\/div>\n\t\t\t\t\t\t\t\t<\/div>\n\t\t\t\t\t\t\t<\/div>\n\t\t\t\t\t\t<\/div>\n\t\t\t\t\t\t\t\t\t<\/div>\n\t\t\t\t\t<\/div>\n\t\t\t\t\t\t<\/div>\n\t\t\t\t<\/div>\n\t\t\t\t\t<\/div>\n\t\t\t\t<\/div>\n\t\t\t\t<\/div>","protected":false},"excerpt":{"rendered":"<p>Mount Everesti unikaalne kujundus (1:1 reproduktsioon)<\/p>","protected":false},"featured_media":26022,"comment_status":"closed","ping_status":"closed","template":"elementor_theme","meta":[],"product_brand":[],"product_cat":[272],"product_tag":[],"_links":{"self":[{"href":"https:\/\/everest.versify.digital\/et\/wp-json\/wp\/v2\/product\/25507"}],"collection":[{"href":"https:\/\/everest.versify.digital\/et\/wp-json\/wp\/v2\/product"}],"about":[{"href":"https:\/\/everest.versify.digital\/et\/wp-json\/wp\/v2\/types\/product"}],"replies":[{"embeddable":true,"href":"https:\/\/everest.versify.digital\/et\/wp-json\/wp\/v2\/comments?post=25507"}],"version-history":[{"count":6,"href":"https:\/\/everest.versify.digital\/et\/wp-json\/wp\/v2\/product\/25507\/revisions"}],"predecessor-version":[{"id":25786,"href":"https:\/\/everest.versify.digital\/et\/wp-json\/wp\/v2\/product\/25507\/revisions\/25786"}],"wp:featuredmedia":[{"embeddable":true,"href":"https:\/\/everest.versify.digital\/et\/wp-json\/wp\/v2\/media\/26022"}],"wp:attachment":[{"href":"https:\/\/everest.versify.digital\/et\/wp-json\/wp\/v2\/media?parent=25507"}],"wp:term":[{"taxonomy":"product_brand","embeddable":true,"href":"https:\/\/everest.versify.digital\/et\/wp-json\/wp\/v2\/product_brand?post=25507"},{"taxonomy":"product_cat","embeddable":true,"href":"https:\/\/everest.versify.digital\/et\/wp-json\/wp\/v2\/product_cat?post=25507"},{"taxonomy":"product_tag","embeddable":true,"href":"https:\/\/everest.versify.digital\/et\/wp-json\/wp\/v2\/product_tag?post=25507"}],"curies":[{"name":"wp","href":"https:\/\/api.w.org\/{rel}","templated":true}]}}