{"id":25753,"date":"2024-04-08T02:19:54","date_gmt":"2024-04-07T23:19:54","guid":{"rendered":"https:\/\/everest.versify.digital\/?post_type=product&#038;p=25753"},"modified":"2024-04-17T21:35:23","modified_gmt":"2024-04-17T18:35:23","slug":"denali-viskio-taures-2vnt","status":"publish","type":"product","link":"https:\/\/everest.versify.digital\/et\/product\/denali-viskio-taures-2vnt\/","title":{"rendered":"DENALI viskiklaasid (2tk)"},"content":{"rendered":"<div data-elementor-type=\"product-post\" data-elementor-id=\"25753\" class=\"elementor elementor-25753\" data-elementor-post-type=\"product\">\n\t\t\t\t<div class=\"elementor-element elementor-element-0936962 e-con-full e-flex e-con e-parent\" data-id=\"0936962\" data-element_type=\"container\">\n\t\t\t\t<div class=\"elementor-element elementor-element-6b6f502 elementor-widget elementor-widget-video\" data-id=\"6b6f502\" data-element_type=\"widget\" data-settings=\"{&quot;youtube_url&quot;:&quot;https:\\\/\\\/youtu.be\\\/Eb8jdIZtZIM&quot;,&quot;video_type&quot;:&quot;youtube&quot;,&quot;controls&quot;:&quot;yes&quot;}\" data-widget_type=\"video.default\">\n\t\t\t\t<div class=\"elementor-widget-container\">\n\t\t\t\t\t\t\t<div class=\"elementor-wrapper elementor-open-inline\">\n\t\t\t<div class=\"elementor-video\"><\/div>\t\t<\/div>\n\t\t\t\t\t\t<\/div>\n\t\t\t\t<\/div>\n\t\t\t\t<\/div>\n\t\t<div class=\"elementor-element elementor-element-4a78473 e-flex e-con-boxed e-con e-parent\" data-id=\"4a78473\" data-element_type=\"container\">\n\t\t\t\t\t<div class=\"e-con-inner\">\n\t\t\t\t<div class=\"elementor-element elementor-element-0c3a53b elementor-widget elementor-widget-tm-timeline\" data-id=\"0c3a53b\" data-element_type=\"widget\" data-widget_type=\"tm-timeline.default\">\n\t\t\t\t<div class=\"elementor-widget-container\">\n\t\t\t\t\t\t\t<div class=\"minimog-timeline style-01\">\n\t\t\t<div class=\"timeline-line\"><\/div>\n\t\t\t\t\t\t\t<div class=\"timeline-list\">\n\t\t\t\t\t\t\t\t\t\t\t<div class=\"timeline-item item\">\n\t\t\t\t\t\t\t<div class=\"timeline-dot\"><\/div>\n\n\t\t\t\t\t\t\t<div class=\"content-wrap\">\n\t\t\t\t\t\t\t\t<div class=\"content-header\">\n\t\t\t\t\t\t\t\t\t<div class=\"content-inner\">\n\t\t\t\t\t\t\t\t\t\t\t\t\t\t\t\t\t\t\t\t\t<h5 class=\"title\">\u201eK2\u201d ARBA KITAIP \u017dINOMAS KAIP CHOGORI \u2013 ANTRAS PASAULYJE KALNAS PAGAL AUK\u0160T\u012e IR MIRTINGUM\u0104 \u2013 VIENUS G\u0104SDINA, KITUS \u017dAVI IR TRAUKIA I\u0160BANDYT SAVO J\u0116GAS.<\/h5>\n\t\t\t\t\t\t\t\t\t\t\n\t\t\t\t\t\t\t\t\t\t<div class=\"minimog-image image\">\n\t\t\t\t\t\t\t\t\t\t\t<m-image class=\"minimog-lazy-image\" style=\"--lazy-image-width: 680px;--lazy-image-height: 56.323529411765%;\" data-image-loading><img loading=\"lazy\" decoding=\"async\"  src=\"https:\/\/everest.versify.digital\/wp-content\/uploads\/2024\/04\/chillcharge.gif\" width=\"680\" height=\"383\" alt=\"chillcharge\" class=\"attachment-full size-full\" \/><\/m-image>\t\t\t\t\t\t\t\t\t\t<\/div>\n\t\t\t\t\t\t\t\t\t<\/div>\n\t\t\t\t\t\t\t\t<\/div>\n\n\t\t\t\t\t\t\t\t<div class=\"content-main\">\n\t\t\t\t\t\t\t\t\t<div class=\"content-inner\">\n\t\t\t\t\t\t\t\t\t\t\n\t\t\t\t\t\t\t\t\t\t\t\t\t\t\t\t\t\t\t\t\t<div class=\"description\">\n\t\t\t\t\t\t\t\t\t\t\t\t<p class=\"qodef-e-text\">Patenteeritud Chill-Charge System\u2122 jahutab teie joogi vaid 18 sekundiga. Vabastage viski aroomid, keerutades oma jooki \u00f5rnalt \u00fcmber m\u00e4e. \u00dchendage need klaasid dekanteriga ja parandage koheselt oma kokteilijoomise rutiini, olenemata sellest, kas kostitate s\u00f5pru v\u00f5i esitlete neid klaase koos oma joogikollektsiooniga.<\/p><p>\u00a0<\/p>\t\t\t\t\t\t\t\t\t\t\t<\/div>\n\t\t\t\t\t\t\t\t\t\t\t\t\t\t\t\t\t\t\t<\/div>\n\t\t\t\t\t\t\t\t<\/div>\n\t\t\t\t\t\t\t<\/div>\n\t\t\t\t\t\t<\/div>\n\t\t\t\t\t\t\t\t\t\t\t<div class=\"timeline-item item\">\n\t\t\t\t\t\t\t<div class=\"timeline-dot\"><\/div>\n\n\t\t\t\t\t\t\t<div class=\"content-wrap\">\n\t\t\t\t\t\t\t\t<div class=\"content-header\">\n\t\t\t\t\t\t\t\t\t<div class=\"content-inner\">\n\t\t\t\t\t\t\t\t\t\t\t\t\t\t\t\t\t\t\t\t\t<h5 class=\"title\">\"CHILL-LAADIMISS\u00dcSTEEM\u2122\"<\/h5>\n\t\t\t\t\t\t\t\t\t\t\n\t\t\t\t\t\t\t\t\t\t<div class=\"minimog-image image\">\n\t\t\t\t\t\t\t\t\t\t\t<m-image class=\"minimog-lazy-image\" style=\"--lazy-image-width: 680px;--lazy-image-height: 56.323529411765%;\" data-image-loading><img loading=\"lazy\" decoding=\"async\"  src=\"https:\/\/everest.versify.digital\/wp-content\/uploads\/2024\/04\/GIF-chill-charge.gif\" width=\"680\" height=\"383\" alt=\"GIF-chill-charge\" class=\"attachment-full size-full\" \/><\/m-image>\t\t\t\t\t\t\t\t\t\t<\/div>\n\t\t\t\t\t\t\t\t\t<\/div>\n\t\t\t\t\t\t\t\t<\/div>\n\n\t\t\t\t\t\t\t\t<div class=\"content-main\">\n\t\t\t\t\t\t\t\t\t<div class=\"content-inner\">\n\t\t\t\t\t\t\t\t\t\t\n\t\t\t\t\t\t\t\t\t\t\t\t\t\t\t\t\t\t\t\t\t<div class=\"description\">\n\t\t\t\t\t\t\t\t\t\t\t\tUnustage j\u00e4\u00e4 ja viskikivid !\n\"Chill - Charge\u2122\" s\u00fcsteem on integreeritud klaasi sisse. Hoidke klaasi s\u00fcgavk\u00fclmas, et laadida klaasi jahutusenergiaga.\n\nJahutage oma viskit \u00fchtlaselt v\u00e4hem kui 18 sekundiga, ilma et see oleks jahutatud. Nautige t\u00e4iuslikku viskimaitseelamust.\t\t\t\t\t\t\t\t\t\t\t<\/div>\n\t\t\t\t\t\t\t\t\t\t\t\t\t\t\t\t\t\t\t<\/div>\n\t\t\t\t\t\t\t\t<\/div>\n\t\t\t\t\t\t\t<\/div>\n\t\t\t\t\t\t<\/div>\n\t\t\t\t\t\t\t\t\t\t\t<div class=\"timeline-item item\">\n\t\t\t\t\t\t\t<div class=\"timeline-dot\"><\/div>\n\n\t\t\t\t\t\t\t<div class=\"content-wrap\">\n\t\t\t\t\t\t\t\t<div class=\"content-header\">\n\t\t\t\t\t\t\t\t\t<div class=\"content-inner\">\n\t\t\t\t\t\t\t\t\t\t\t\t\t\t\t\t\t\t\t\t\t<h5 class=\"title\">M\u00d5\u00d5DA OMA JOOKI TIPPUDE J\u00c4RGI<\/h5>\n\t\t\t\t\t\t\t\t\t\t\n\t\t\t\t\t\t\t\t\t\t<div class=\"minimog-image image\">\n\t\t\t\t\t\t\t\t\t\t\t<m-image class=\"minimog-lazy-image\" style=\"--lazy-image-width: 680px;--lazy-image-height: 56.323529411765%;\" data-image-loading><img loading=\"lazy\" decoding=\"async\"  src=\"https:\/\/everest.versify.digital\/wp-content\/uploads\/2024\/04\/SCALETOSUMMIT.gif\" width=\"680\" height=\"383\" alt=\"SCALETOSUMMIT\" class=\"attachment-full size-full\" \/><\/m-image>\t\t\t\t\t\t\t\t\t\t<\/div>\n\t\t\t\t\t\t\t\t\t<\/div>\n\t\t\t\t\t\t\t\t<\/div>\n\n\t\t\t\t\t\t\t\t<div class=\"content-main\">\n\t\t\t\t\t\t\t\t\t<div class=\"content-inner\">\n\t\t\t\t\t\t\t\t\t\t\n\t\t\t\t\t\t\t\t\t\t\t\t\t\t\t\t\t\t\t\t\t<div class=\"description\">\n\t\t\t\t\t\t\t\t\t\t\t\t<p>M\u00f5\u00f5tke oma jooki maam\u00e4rkidega !<\/p><p>Viengubas: K2 stovykla 3 (7.400 mt)<\/p><p><br \/>Dvigubas: K2 stovykla 4 (8.000 mt)<br \/>Trigubas: K2 vir\u0161ukaln\u0117 (8.611 mt)<\/p>\t\t\t\t\t\t\t\t\t\t\t<\/div>\n\t\t\t\t\t\t\t\t\t\t\t\t\t\t\t\t\t\t\t<\/div>\n\t\t\t\t\t\t\t\t<\/div>\n\t\t\t\t\t\t\t<\/div>\n\t\t\t\t\t\t<\/div>\n\t\t\t\t\t\t\t\t\t\t\t<div class=\"timeline-item item\">\n\t\t\t\t\t\t\t<div class=\"timeline-dot\"><\/div>\n\n\t\t\t\t\t\t\t<div class=\"content-wrap\">\n\t\t\t\t\t\t\t\t<div class=\"content-header\">\n\t\t\t\t\t\t\t\t\t<div class=\"content-inner\">\n\t\t\t\t\t\t\t\t\t\t\t\t\t\t\t\t\t\t\t\t\t<h5 class=\"title\">PALJASTADA AROOMI<\/h5>\n\t\t\t\t\t\t\t\t\t\t\n\t\t\t\t\t\t\t\t\t\t<div class=\"minimog-image image\">\n\t\t\t\t\t\t\t\t\t\t\t<m-image class=\"minimog-lazy-image\" style=\"--lazy-image-width: 680px;--lazy-image-height: 56.323529411765%;\" data-image-loading><img loading=\"lazy\" decoding=\"async\"  src=\"https:\/\/everest.versify.digital\/wp-content\/uploads\/2024\/04\/aeration.gif\" width=\"680\" height=\"383\" alt=\"aeration\" class=\"attachment-full size-full\" \/><\/m-image>\t\t\t\t\t\t\t\t\t\t<\/div>\n\t\t\t\t\t\t\t\t\t<\/div>\n\t\t\t\t\t\t\t\t<\/div>\n\n\t\t\t\t\t\t\t\t<div class=\"content-main\">\n\t\t\t\t\t\t\t\t\t<div class=\"content-inner\">\n\t\t\t\t\t\t\t\t\t\t\n\t\t\t\t\t\t\t\t\t\t\t\t\t\t\t\t\t\t\t\t\t<div class=\"description\">\n\t\t\t\t\t\t\t\t\t\t\t\t<p>3D-m\u00e4e disain tagab loomuliku \u00f5hutamise, mis toob esile teie lemmikviski aroomi ja parandab maitseelamust.<br \/>G\u0117rimas, tek\u0117damas K2 tauri\u0173 reljefu sukuria bangas, kurios skatina g\u0117rimo oksidacij\u0105. \u0160is procesas priver\u010dia etanol\u012f garuoti, maloniai su\u017eadindamas uosl\u0117s bei skonio receptorius.<\/p>\t\t\t\t\t\t\t\t\t\t\t<\/div>\n\t\t\t\t\t\t\t\t\t\t\t\t\t\t\t\t\t\t\t<\/div>\n\t\t\t\t\t\t\t\t<\/div>\n\t\t\t\t\t\t\t<\/div>\n\t\t\t\t\t\t<\/div>\n\t\t\t\t\t\t\t\t\t\t\t<div class=\"timeline-item item\">\n\t\t\t\t\t\t\t<div class=\"timeline-dot\"><\/div>\n\n\t\t\t\t\t\t\t<div class=\"content-wrap\">\n\t\t\t\t\t\t\t\t<div class=\"content-header\">\n\t\t\t\t\t\t\t\t\t<div class=\"content-inner\">\n\t\t\t\t\t\t\t\t\t\t\t\t\t\t\t\t\t\t\t\t\t<h5 class=\"title\">DIZAINAS KOLEKCIONIERIAMS<\/h5>\n\t\t\t\t\t\t\t\t\t\t\n\t\t\t\t\t\t\t\t\t\t<div class=\"minimog-image image\">\n\t\t\t\t\t\t\t\t\t\t\t<m-image class=\"minimog-lazy-image\" style=\"--lazy-image-width: 640px;--lazy-image-height: 56.40625%;\" data-image-loading><img loading=\"lazy\" decoding=\"async\"  src=\"https:\/\/everest.versify.digital\/wp-content\/uploads\/2024\/04\/K2.gif\" width=\"640\" height=\"361\" alt=\"K2\" class=\"attachment-full size-full\" \/><\/m-image>\t\t\t\t\t\t\t\t\t\t<\/div>\n\t\t\t\t\t\t\t\t\t<\/div>\n\t\t\t\t\t\t\t\t<\/div>\n\n\t\t\t\t\t\t\t\t<div class=\"content-main\">\n\t\t\t\t\t\t\t\t\t<div class=\"content-inner\">\n\t\t\t\t\t\t\t\t\t\t\n\t\t\t\t\t\t\t\t\t\t\t\t\t\t\t\t\t\t\t\t\t<div class=\"description\">\n\t\t\t\t\t\t\t\t\t\t\t\t<p><b>K2 v\u00f5i muidu tuntud kui Chogori<\/b>\u00a0\u2013 Kaln\u0173 Karalius st\u016bksantis Pakistane, tituluojamas pavojingiausiu pasaulio kalnu. Antras PASAULYJE kalnas pagal auk\u0161t\u012f ir mirtingum\u0105 \u2013 vienus g\u0105sdina, kitus \u017eavi ir traukia i\u0161bandyt savo j\u0117gas.. \u0160is negailestingas \u201ekalnas \u017eudikas\u201d statisti\u0161kai nusine\u0161a beveik kas 3-\u010dio, bandan\u010dio j\u012f \u012fveikti, alpinisto gyvyb\u0119. Na, o mes si\u016blome pataupyti j\u0117gas ir juo m\u0117gautis viskio apsupty \u2013 naujojoje Liiton taur\u0117je.<\/p>\t\t\t\t\t\t\t\t\t\t\t<\/div>\n\t\t\t\t\t\t\t\t\t\t\t\t\t\t\t\t\t\t\t<\/div>\n\t\t\t\t\t\t\t\t<\/div>\n\t\t\t\t\t\t\t<\/div>\n\t\t\t\t\t\t<\/div>\n\t\t\t\t\t\t\t\t\t\t\t<div class=\"timeline-item item\">\n\t\t\t\t\t\t\t<div class=\"timeline-dot\"><\/div>\n\n\t\t\t\t\t\t\t<div class=\"content-wrap\">\n\t\t\t\t\t\t\t\t<div class=\"content-header\">\n\t\t\t\t\t\t\t\t\t<div class=\"content-inner\">\n\t\t\t\t\t\t\t\t\t\t\t\t\t\t\t\t\t\t\t\t\t<h5 class=\"title\">LOODUSEST LOODUSELE<\/h5>\n\t\t\t\t\t\t\t\t\t\t\n\t\t\t\t\t\t\t\t\t\t<div class=\"minimog-image image\">\n\t\t\t\t\t\t\t\t\t\t\t<m-image class=\"minimog-lazy-image\" style=\"--lazy-image-width: 680px;--lazy-image-height: 65.147058823529%;\" data-image-loading><img loading=\"lazy\" decoding=\"async\"  src=\"https:\/\/everest.versify.digital\/wp-content\/uploads\/2024\/04\/GIF-From-nature-for-nature.gif\" width=\"680\" height=\"443\" alt=\"GIF-From-nature-for-nature\" class=\"attachment-full size-full\" \/><\/m-image>\t\t\t\t\t\t\t\t\t\t<\/div>\n\t\t\t\t\t\t\t\t\t<\/div>\n\t\t\t\t\t\t\t\t<\/div>\n\n\t\t\t\t\t\t\t\t<div class=\"content-main\">\n\t\t\t\t\t\t\t\t\t<div class=\"content-inner\">\n\t\t\t\t\t\t\t\t\t\t\n\t\t\t\t\t\t\t\t\t\t\t\t\t\t\t\t\t\t\t\t\t<div class=\"description\">\n\t\t\t\t\t\t\t\t\t\t\t\tKristallklaas on suurep\u00e4rane alternatiiv pliikristallile. Seda on imeline vaadata, hoida ja eksponeerida. See klaas on h\u00e4mmastavalt selge ja sile ning pliivaba!<br>\n<br>\nKristallilise klaasi eelised:<br>\n<br>\n- K\u00f5rge klaasi l\u00e4bipaistvus\n- Plii leostumise ohtu jookidesse v\u00f5i alkoholi ei ole.\n- N\u00f5udepesumasinas pestav<br>\n<br>\n\nEveresti viskikomplekt on valmistatud 100% taaskasutatavast silikaadist, mis on valmistatud looduse k\u00f5ige paremini taaskasutatavast materjalist.\t\t\t\t\t\t\t\t\t\t\t<\/div>\n\t\t\t\t\t\t\t\t\t\t\t\t\t\t\t\t\t\t\t<\/div>\n\t\t\t\t\t\t\t\t<\/div>\n\t\t\t\t\t\t\t<\/div>\n\t\t\t\t\t\t<\/div>\n\t\t\t\t\t\t\t\t\t<\/div>\n\t\t\t\t\t<\/div>\n\t\t\t\t\t\t<\/div>\n\t\t\t\t<\/div>\n\t\t\t\t\t<\/div>\n\t\t\t\t<\/div>\n\t\t\t\t<\/div>","protected":false},"excerpt":{"rendered":"<p><strong>P\u00f5hja-Ameerika k\u00f5rgeima m\u00e4e, Mt. \"Denali replica\".<\/strong><\/p>","protected":false},"featured_media":25936,"comment_status":"closed","ping_status":"closed","template":"elementor_theme","meta":[],"product_brand":[],"product_cat":[272],"product_tag":[],"_links":{"self":[{"href":"https:\/\/everest.versify.digital\/et\/wp-json\/wp\/v2\/product\/25753"}],"collection":[{"href":"https:\/\/everest.versify.digital\/et\/wp-json\/wp\/v2\/product"}],"about":[{"href":"https:\/\/everest.versify.digital\/et\/wp-json\/wp\/v2\/types\/product"}],"replies":[{"embeddable":true,"href":"https:\/\/everest.versify.digital\/et\/wp-json\/wp\/v2\/comments?post=25753"}],"version-history":[{"count":2,"href":"https:\/\/everest.versify.digital\/et\/wp-json\/wp\/v2\/product\/25753\/revisions"}],"predecessor-version":[{"id":25843,"href":"https:\/\/everest.versify.digital\/et\/wp-json\/wp\/v2\/product\/25753\/revisions\/25843"}],"wp:featuredmedia":[{"embeddable":true,"href":"https:\/\/everest.versify.digital\/et\/wp-json\/wp\/v2\/media\/25936"}],"wp:attachment":[{"href":"https:\/\/everest.versify.digital\/et\/wp-json\/wp\/v2\/media?parent=25753"}],"wp:term":[{"taxonomy":"product_brand","embeddable":true,"href":"https:\/\/everest.versify.digital\/et\/wp-json\/wp\/v2\/product_brand?post=25753"},{"taxonomy":"product_cat","embeddable":true,"href":"https:\/\/everest.versify.digital\/et\/wp-json\/wp\/v2\/product_cat?post=25753"},{"taxonomy":"product_tag","embeddable":true,"href":"https:\/\/everest.versify.digital\/et\/wp-json\/wp\/v2\/product_tag?post=25753"}],"curies":[{"name":"wp","href":"https:\/\/api.w.org\/{rel}","templated":true}]}}