{"id":22646,"date":"2024-01-27T16:55:00","date_gmt":"2024-01-27T14:55:00","guid":{"rendered":"https:\/\/everest.versify.digital\/?page_id=22646"},"modified":"2024-04-02T01:53:20","modified_gmt":"2024-04-01T22:53:20","slug":"pristatymo-salygos","status":"publish","type":"page","link":"https:\/\/everest.versify.digital\/lv\/pristatymo-salygos\/","title":{"rendered":"Pieg\u0101des nosac\u012bjumi"},"content":{"rendered":"<div data-elementor-type=\"wp-page\" data-elementor-id=\"22646\" class=\"elementor elementor-22646\" data-elementor-post-type=\"page\">\n\t\t\t\t<div class=\"elementor-element elementor-element-6e886b46 e-flex e-con-boxed e-con e-parent\" data-id=\"6e886b46\" data-element_type=\"container\">\n\t\t\t\t\t<div class=\"e-con-inner\">\n\t\t\t\t<div class=\"elementor-element elementor-element-4a8201ca elementor-widget elementor-widget-text-editor\" data-id=\"4a8201ca\" data-element_type=\"widget\" data-widget_type=\"text-editor.default\">\n\t\t\t\t<div class=\"elementor-widget-container\">\n\t\t\t\t\t\t\t\t\t\n<p><strong>Nor\u0101d\u012btaj\u0101 adres\u0113 vis\u0101 Lietuv\u0101 (iz\u0146emot Kur\u0161u k\u0101pu):<\/strong><\/p>\n<p><span lang=\"lt-LT\">BEZMAKSAS PIEG\u0100DE:<br \/>- DPD un LP Express pasta noda\u013c\u0101s - pirkumiem par 50 eiro vai vair\u0101k.<br \/><\/span>- DPD kurjers - pirkumiem par 60 eiro vai vair\u0101k.<br \/><span lang=\"lt-LT\">- Izv\u0113loties OMNIVA pasta autom\u0101tus - pirkumiem par 60 \u20ac un vair\u0101k.<\/span><\/p>\n<p><span lang=\"lt-LT\">Maz\u0101ku pirkumu gad\u012bjum\u0101 pieg\u0101des izmaksas:<\/span><\/p>\n<p>\u00a0 - Omniva pasta noda\u013cas - 4,99 \u20ac<br \/>\u00a0 - DPD pasta noda\u013c\u0101s - 3,49 \u20ac<br \/>\u00a0 - DPD kurjers uz m\u0101j\u0101m - 4,49 \u20ac<br \/>\u00a0 - LP Express pasta noda\u013cas - 3.99\u20ac<\/p>\n<p><span lang=\"lt-LT\">Pas\u016bt\u012bjumi, kas apstiprin\u0101ti l\u012bdz plkst. 13:00 darba dien\u0101, tiek nos\u016bt\u012bti taj\u0101 pa\u0161\u0101 dien\u0101.<br \/>Preces tiek pieg\u0101d\u0101tas 2-5 darba dienu laik\u0101 atkar\u012bb\u0101 no izv\u0113l\u0113t\u0101 pieg\u0101des veida.<\/span><\/p>\n<p><span lang=\"lt-LT\">Par pieg\u0101di uz Kur\u0161u k\u0101pu, l\u016bdzu, sazinieties ar mums pa e-pastu\u00a0<\/span><a href=\"mailto:info@everestglass.lt\"><span lang=\"lt-LT\">info@everestglass.lt<\/span><\/a><\/p>\n<ul><\/ul>\n<!-- \/wp:list -->\t\t\t\t\t\t\t\t<\/div>\n\t\t\t\t<\/div>\n\t\t\t\t\t<\/div>\n\t\t\t\t<\/div>\n\t\t\t\t<\/div>","protected":false},"excerpt":{"rendered":"<p>Nurodytu adresu visoje Lietuvoje (i\u0161skyrus Kur\u0161i\u0173 Nerij\u0105): PRISTATYMAS NEMOKAMAS:\u2013 Renkantis DPD ir LP Express pa\u0161tomatus \u2013 perkant u\u017e 50\u20ac ir daugiau.\u2013 DPD kurjeriu \u2013 perkant u\u017e 60\u20ac ir daugiau.\u2013 Renkantis OMNIVA pa\u0161tomatus \u2013 perkant u\u017e 60\u20ac ir daugiau. Perkant u\u017e ma\u017eesnes sumas pristatymo kaina: \u00a0 \u2013 Omniva pa\u0161tomatai \u2013 4.99\u20ac\u00a0 \u2013 DPD pa\u0161tomatai \u2013 3.49\u20ac\u00a0 \u2013 DPD kurjeris \u012f namus \u2013 4.49\u20ac\u00a0 \u2013 LP Express pa\u0161tomatai \u2013 3.99\u20ac U\u017esakym\u0105, patvirtint\u0105 darbo dien\u0105 iki 13val., i\u0161siun\u010diame t\u0105 pa\u010di\u0105 dien\u0105.Prek\u0117s yra pristatomos per 2-5 darbo dienas, priklausomai nuo pasirinkto pristatymo b\u016bdo. D\u0117l pristatymo \u012f Kur\u0161i\u0173 Nerij\u0105 susisiekite su mumis el.pa\u0161tu\u00a0info@everestglass.lt<\/p>","protected":false},"author":1,"featured_media":0,"parent":0,"menu_order":0,"comment_status":"closed","ping_status":"closed","template":"","meta":{"footnotes":""},"_links":{"self":[{"href":"https:\/\/everest.versify.digital\/lv\/wp-json\/wp\/v2\/pages\/22646"}],"collection":[{"href":"https:\/\/everest.versify.digital\/lv\/wp-json\/wp\/v2\/pages"}],"about":[{"href":"https:\/\/everest.versify.digital\/lv\/wp-json\/wp\/v2\/types\/page"}],"author":[{"embeddable":true,"href":"https:\/\/everest.versify.digital\/lv\/wp-json\/wp\/v2\/users\/1"}],"replies":[{"embeddable":true,"href":"https:\/\/everest.versify.digital\/lv\/wp-json\/wp\/v2\/comments?post=22646"}],"version-history":[{"count":5,"href":"https:\/\/everest.versify.digital\/lv\/wp-json\/wp\/v2\/pages\/22646\/revisions"}],"predecessor-version":[{"id":25580,"href":"https:\/\/everest.versify.digital\/lv\/wp-json\/wp\/v2\/pages\/22646\/revisions\/25580"}],"wp:attachment":[{"href":"https:\/\/everest.versify.digital\/lv\/wp-json\/wp\/v2\/media?parent=22646"}],"curies":[{"name":"wp","href":"https:\/\/api.w.org\/{rel}","templated":true}]}}