{"id":25727,"date":"2024-04-08T02:03:57","date_gmt":"2024-04-07T23:03:57","guid":{"rendered":"https:\/\/everest.versify.digital\/?page_id=25727"},"modified":"2024-04-08T02:10:21","modified_gmt":"2024-04-07T23:10:21","slug":"kontaktai","status":"publish","type":"page","link":"https:\/\/everest.versify.digital\/lv\/kontaktai\/","title":{"rendered":"Sazinieties ar"},"content":{"rendered":"<div data-elementor-type=\"wp-page\" data-elementor-id=\"25727\" class=\"elementor elementor-25727\" data-elementor-post-type=\"page\">\n\t\t\t\t<div class=\"elementor-element elementor-element-264bcce e-flex e-con-boxed e-con e-parent\" data-id=\"264bcce\" data-element_type=\"container\" data-settings=\"{&quot;background_background&quot;:&quot;classic&quot;}\">\n\t\t\t\t\t<div class=\"e-con-inner\">\n\t\t<div class=\"elementor-element elementor-element-b278656 e-con-full e-flex e-con e-child\" data-id=\"b278656\" data-element_type=\"container\">\n\t\t\t\t<div class=\"elementor-element elementor-element-ee71d1c elementor-widget elementor-widget-heading\" data-id=\"ee71d1c\" data-element_type=\"widget\" data-widget_type=\"heading.default\">\n\t\t\t\t<div class=\"elementor-widget-container\">\n\t\t\t\t\t<h2 class=\"elementor-heading-title elementor-size-default\">KONTAKTS<\/h2>\t\t\t\t<\/div>\n\t\t\t\t<\/div>\n\t\t\t\t<div class=\"elementor-element elementor-element-8f67bfb elementor-widget elementor-widget-text-editor\" data-id=\"8f67bfb\" data-element_type=\"widget\" data-widget_type=\"text-editor.default\">\n\t\t\t\t<div class=\"elementor-widget-container\">\n\t\t\t\t\t\t\t\t\t<p>Ja jums ir k\u0101di jaut\u0101jumi vai koment\u0101ri, varat sazin\u0101ties ar mums, izmantojot zem\u0101k nor\u0101d\u012bto kontaktinform\u0101ciju vai aizpildot kontaktformu.<\/p>\t\t\t\t\t\t\t\t<\/div>\n\t\t\t\t<\/div>\n\t\t\t\t<div class=\"elementor-element elementor-element-88e72db elementor-widget elementor-widget-text-editor\" data-id=\"88e72db\" data-element_type=\"widget\" data-widget_type=\"text-editor.default\">\n\t\t\t\t<div class=\"elementor-widget-container\">\n\t\t\t\t\t\t\t\t\t<p><br \/><br \/>Adrese: Kau\u0146a, Lietuva<\/p><p>E-pasts:\u00a0<a href=\"mailto:info@everestglass.lt\">info@everestglass.lt<\/a><\/p><p>T\u0101lrunis:\u00a0<a href=\"tel: 37068699685\"><span class=\"elementor-icon-list-text\">+370 686 99685<\/span><\/a><\/p>\t\t\t\t\t\t\t\t<\/div>\n\t\t\t\t<\/div>\n\t\t\t\t<\/div>\n\t\t<div class=\"elementor-element elementor-element-04e466b e-con-full e-flex e-con e-child\" data-id=\"04e466b\" data-element_type=\"container\">\n\t\t\t\t<div class=\"elementor-element elementor-element-7f15600 elementor-widget elementor-widget-heading\" data-id=\"7f15600\" data-element_type=\"widget\" data-widget_type=\"heading.default\">\n\t\t\t\t<div class=\"elementor-widget-container\">\n\t\t\t\t\t<h2 class=\"elementor-heading-title elementor-size-default\">ATST\u0100T ZI\u0145U<\/h2>\t\t\t\t<\/div>\n\t\t\t\t<\/div>\n\t\t\t\t<div class=\"elementor-element elementor-element-c0ef300 elementor-button-align-stretch elementor-widget elementor-widget-form\" data-id=\"c0ef300\" data-element_type=\"widget\" data-settings=\"{&quot;step_next_label&quot;:&quot;Next&quot;,&quot;step_previous_label&quot;:&quot;Previous&quot;,&quot;button_width&quot;:&quot;100&quot;,&quot;step_type&quot;:&quot;number_text&quot;,&quot;step_icon_shape&quot;:&quot;circle&quot;}\" data-widget_type=\"form.default\">\n\t\t\t\t<div class=\"elementor-widget-container\">\n\t\t\t\t\t\t\t<form class=\"elementor-form\" method=\"post\" name=\"New Form\" action=\"\">\n\t\t\t<input type=\"hidden\" name=\"post_id\" value=\"25727\"\/>\n\t\t\t<input type=\"hidden\" name=\"form_id\" value=\"c0ef300\"\/>\n\t\t\t<input type=\"hidden\" name=\"referer_title\" value=\"\" \/>\n\n\t\t\t\n\t\t\t<div class=\"elementor-form-fields-wrapper elementor-labels-\">\n\t\t\t\t\t\t\t\t<div class=\"elementor-field-type-text elementor-field-group elementor-column elementor-field-group-name elementor-col-100\">\n\t\t\t\t\t\t\t\t\t\t\t\t<label for=\"form-field-name\" class=\"elementor-field-label elementor-screen-only\">\n\t\t\t\t\t\t\t\tNosaukums\t\t\t\t\t\t\t<\/label>\n\t\t\t\t\t\t\t\t\t\t\t\t\t\t<input size=\"1\" type=\"text\" name=\"form_fields[name]\" id=\"form-field-name\" class=\"elementor-field elementor-size-xs  elementor-field-textual\" placeholder=\"Nosaukums\">\n\t\t\t\t\t\t\t\t\t\t\t<\/div>\n\t\t\t\t\t\t\t\t<div class=\"elementor-field-type-email elementor-field-group elementor-column elementor-field-group-email elementor-col-100 elementor-field-required\">\n\t\t\t\t\t\t\t\t\t\t\t\t<label for=\"form-field-email\" class=\"elementor-field-label elementor-screen-only\">\n\t\t\t\t\t\t\t\tEl. E-pasts\t\t\t\t\t\t\t<\/label>\n\t\t\t\t\t\t\t\t\t\t\t\t\t\t<input size=\"1\" type=\"email\" name=\"form_fields[email]\" id=\"form-field-email\" class=\"elementor-field elementor-size-xs  elementor-field-textual\" placeholder=\"El. E-pasts\" required=\"required\" aria-required=\"true\">\n\t\t\t\t\t\t\t\t\t\t\t<\/div>\n\t\t\t\t\t\t\t\t<div class=\"elementor-field-type-textarea elementor-field-group elementor-column elementor-field-group-message elementor-col-100\">\n\t\t\t\t\t\t\t\t\t\t\t\t<label for=\"form-field-message\" class=\"elementor-field-label elementor-screen-only\">\n\t\t\t\t\t\t\t\tZi\u0146ojums\t\t\t\t\t\t\t<\/label>\n\t\t\t\t\t\t<textarea class=\"elementor-field-textual elementor-field  elementor-size-xs\" name=\"form_fields[message]\" id=\"form-field-message\" rows=\"4\" placeholder=\"Zi\u0146ojums\"><\/textarea>\t\t\t\t<\/div>\n\t\t\t\t\t\t\t\t<div class=\"elementor-field-group elementor-column elementor-field-type-submit elementor-col-100 e-form__buttons\">\n\t\t\t\t\t<button type=\"submit\" class=\"elementor-button elementor-size-sm\">\n\t\t\t\t\t\t<span >\n\t\t\t\t\t\t\t\t\t\t\t\t\t\t\t<span class=\"elementor-button-icon\">\n\t\t\t\t\t\t\t\t\t\t\t\t\t\t\t\t\t\t\t\t\t\t\t\t\t\t<\/span>\n\t\t\t\t\t\t\t\t\t\t\t\t\t\t\t\t\t\t\t\t\t\t<span class=\"elementor-button-text\">KONTAKTS<\/span>\n\t\t\t\t\t\t\t\t\t\t\t\t\t<\/span>\n\t\t\t\t\t<\/button>\n\t\t\t\t<\/div>\n\t\t\t<\/div>\n\t\t<input type=\"hidden\" name=\"trp-form-language\" value=\"lv\"\/><\/form>\n\t\t\t\t\t\t<\/div>\n\t\t\t\t<\/div>\n\t\t\t\t<\/div>\n\t\t\t\t\t<\/div>\n\t\t\t\t<\/div>\n\t\t\t\t<\/div>","protected":false},"excerpt":{"rendered":"<p>KONTAKTAI Jei turite klausim\u0173 ar pasteb\u0117jim\u0173, su mumis susisiekti galite kontaktais esan\u010diais apa\u010dioje, arba u\u017epild\u017eius kontakt\u0173 form\u0105. Adresas: Kaunas, Lietuva El. pa\u0161tas:\u00a0info@everestglass.lt Telefonas:\u00a0+370 686 99685 PALIKITE \u017dINUT\u0118<\/p>","protected":false},"author":1,"featured_media":0,"parent":0,"menu_order":0,"comment_status":"closed","ping_status":"closed","template":"elementor_header_footer","meta":{"footnotes":""},"_links":{"self":[{"href":"https:\/\/everest.versify.digital\/lv\/wp-json\/wp\/v2\/pages\/25727"}],"collection":[{"href":"https:\/\/everest.versify.digital\/lv\/wp-json\/wp\/v2\/pages"}],"about":[{"href":"https:\/\/everest.versify.digital\/lv\/wp-json\/wp\/v2\/types\/page"}],"author":[{"embeddable":true,"href":"https:\/\/everest.versify.digital\/lv\/wp-json\/wp\/v2\/users\/1"}],"replies":[{"embeddable":true,"href":"https:\/\/everest.versify.digital\/lv\/wp-json\/wp\/v2\/comments?post=25727"}],"version-history":[{"count":7,"href":"https:\/\/everest.versify.digital\/lv\/wp-json\/wp\/v2\/pages\/25727\/revisions"}],"predecessor-version":[{"id":25735,"href":"https:\/\/everest.versify.digital\/lv\/wp-json\/wp\/v2\/pages\/25727\/revisions\/25735"}],"wp:attachment":[{"href":"https:\/\/everest.versify.digital\/lv\/wp-json\/wp\/v2\/media?parent=25727"}],"curies":[{"name":"wp","href":"https:\/\/api.w.org\/{rel}","templated":true}]}}