{"id":7,"date":"2024-01-21T21:58:36","date_gmt":"2024-01-21T21:58:36","guid":{"rendered":"https:\/\/everest.versify.digital\/index.php\/cart\/"},"modified":"2024-01-27T17:52:27","modified_gmt":"2024-01-27T15:52:27","slug":"krepselis","status":"publish","type":"page","link":"https:\/\/everest.versify.digital\/lv\/krepselis\/","title":{"rendered":"Grozs"},"content":{"rendered":"<div data-block-name=\"woocommerce\/cart\" class=\"wp-block-woocommerce-cart alignwide is-loading\"><div data-block-name=\"woocommerce\/filled-cart-block\" class=\"wp-block-woocommerce-filled-cart-block\"><div data-block-name=\"woocommerce\/cart-items-block\" class=\"wp-block-woocommerce-cart-items-block\"><div data-block-name=\"woocommerce\/cart-line-items-block\" class=\"wp-block-woocommerce-cart-line-items-block\"><\/div>\n\n<div data-block-name=\"woocommerce\/cart-cross-sells-block\" class=\"wp-block-woocommerce-cart-cross-sells-block\">\n<h2 class=\"wp-block-heading has-large-font-size\">J\u016bs var\u0113tu interes\u0113t...<\/h2>\n\n\n<div data-block-name=\"woocommerce\/cart-cross-sells-products-block\" class=\"wp-block-woocommerce-cart-cross-sells-products-block\"><\/div><\/div><\/div>\n\n<div data-block-name=\"woocommerce\/cart-totals-block\" class=\"wp-block-woocommerce-cart-totals-block\"><div data-block-name=\"woocommerce\/cart-order-summary-block\" class=\"wp-block-woocommerce-cart-order-summary-block\"><div data-block-name=\"woocommerce\/cart-order-summary-heading-block\" class=\"wp-block-woocommerce-cart-order-summary-heading-block\"><\/div><div data-block-name=\"woocommerce\/cart-order-summary-coupon-form-block\" class=\"wp-block-woocommerce-cart-order-summary-coupon-form-block\"><\/div><div data-block-name=\"woocommerce\/cart-order-summary-totals-block\" class=\"wp-block-woocommerce-cart-order-summary-totals-block\">\n<div data-block-name=\"woocommerce\/cart-order-summary-subtotal-block\" class=\"wp-block-woocommerce-cart-order-summary-subtotal-block\"><\/div>\n<div data-block-name=\"woocommerce\/cart-order-summary-discount-block\" class=\"wp-block-woocommerce-cart-order-summary-discount-block\"><\/div>\n<div data-block-name=\"woocommerce\/cart-order-summary-fee-block\" class=\"wp-block-woocommerce-cart-order-summary-fee-block\"><\/div>\n<div data-block-name=\"woocommerce\/cart-order-summary-shipping-block\" class=\"wp-block-woocommerce-cart-order-summary-shipping-block\"><\/div>\n<div data-block-name=\"woocommerce\/cart-order-summary-taxes-block\" class=\"wp-block-woocommerce-cart-order-summary-taxes-block\"><\/div><\/div><\/div>\n\n<div data-block-name=\"woocommerce\/cart-express-payment-block\" class=\"wp-block-woocommerce-cart-express-payment-block\"><\/div>\n\n<div data-block-name=\"woocommerce\/proceed-to-checkout-block\" class=\"wp-block-woocommerce-proceed-to-checkout-block\"><\/div>\n\n<div data-block-name=\"woocommerce\/cart-accepted-payment-methods-block\" class=\"wp-block-woocommerce-cart-accepted-payment-methods-block\"><\/div><\/div><\/div>\n\n<div data-block-name=\"woocommerce\/empty-cart-block\" class=\"wp-block-woocommerce-empty-cart-block\">\n<h2 class=\"wp-block-heading has-text-align-center with-empty-cart-icon wc-block-cart__empty-cart__title\">J\u016bsu grozs \u0161obr\u012bd ir tuk\u0161s!<\/h2>\n\n\n\n<hr class=\"wp-block-separator has-alpha-channel-opacity is-style-dots\"\/>\n\n\n\n<h2 class=\"wp-block-heading has-text-align-center\">Jaunums veikal\u0101<\/h2>\n\n\n<div data-block-name=\"woocommerce\/product-new\" data-columns=\"4\" data-rows=\"1\" class=\"wc-block-grid wp-block-product-new wc-block-product-new has-4-columns\"><ul class=\"wc-block-grid__products\"><li class=\"wc-block-grid__product\">\n\t\t\t\t<a href=\"https:\/\/everest.versify.digital\/lv\/product\/mont-blanc-viskio-taures-2vnt\/\" class=\"wc-block-grid__product-link\">\n\t\t\t\t\t\n\t\t\t\t\t<div class=\"wc-block-grid__product-image\"><img fetchpriority=\"high\" decoding=\"async\" width=\"300\" height=\"300\" src=\"https:\/\/everest.versify.digital\/wp-content\/uploads\/2024\/04\/01.-Mont_Blanc_viskio_taures_2vnt-1-300x300.webp\" class=\"attachment-woocommerce_thumbnail size-woocommerce_thumbnail\" alt=\"MONT BLANC  Viskio taur\u0117s (2vnt.)\" srcset=\"https:\/\/everest.versify.digital\/wp-content\/uploads\/2024\/04\/01.-Mont_Blanc_viskio_taures_2vnt-1-300x300.webp 300w, https:\/\/everest.versify.digital\/wp-content\/uploads\/2024\/04\/01.-Mont_Blanc_viskio_taures_2vnt-1-1024x1024.webp 1024w, https:\/\/everest.versify.digital\/wp-content\/uploads\/2024\/04\/01.-Mont_Blanc_viskio_taures_2vnt-1-150x150.webp 150w, https:\/\/everest.versify.digital\/wp-content\/uploads\/2024\/04\/01.-Mont_Blanc_viskio_taures_2vnt-1-768x768.webp 768w, https:\/\/everest.versify.digital\/wp-content\/uploads\/2024\/04\/01.-Mont_Blanc_viskio_taures_2vnt-1-12x12.webp 12w, https:\/\/everest.versify.digital\/wp-content\/uploads\/2024\/04\/01.-Mont_Blanc_viskio_taures_2vnt-1-600x600.webp 600w, https:\/\/everest.versify.digital\/wp-content\/uploads\/2024\/04\/01.-Mont_Blanc_viskio_taures_2vnt-1-64x64.webp 64w, https:\/\/everest.versify.digital\/wp-content\/uploads\/2024\/04\/01.-Mont_Blanc_viskio_taures_2vnt-1.webp 1200w\" sizes=\"(max-width: 300px) 100vw, 300px\" \/><\/div>\n\t\t\t\t\t<div class=\"wc-block-grid__product-title\">MONT BLANC Viskija gl\u0101zes (2 gab.)<\/div>\n\t\t\t\t<\/a>\n\t\t\t\t<div class=\"wc-block-grid__product-price price\"><div class=\"price\"><span class=\"woocommerce-Price-amount amount\">29,95&nbsp;<span class=\"woocommerce-Price-currencySymbol\">\u20ac<\/span><\/span><\/div><\/div>\n\t\t\t\t\n\t\t\t\t<div class=\"wp-block-button wc-block-grid__product-add-to-cart\"><a href=\"?add-to-cart=25755\" aria-label=\"Pievienot grozam: &quot;MONT BLANC  Viskio taur\u0117s (2vnt.)&quot;\" data-quantity=\"1\" data-product_id=\"25755\" data-product_sku=\"L60300-1-1\" data-price=\"29.95\" rel=\"nofollow\" class=\"wp-block-button__link  add_to_cart_button ajax_add_to_cart\" data-no-translation=\"\" data-trp-gettext=\"\" data-no-translation-aria-label=\"\">Pievienot grozam<\/a><\/div>\n\t\t\t<\/li><li class=\"wc-block-grid__product\">\n\t\t\t\t<a href=\"https:\/\/everest.versify.digital\/lv\/product\/denali-viskio-taures-2vnt\/\" class=\"wc-block-grid__product-link\">\n\t\t\t\t\t\n\t\t\t\t\t<div class=\"wc-block-grid__product-image\"><img decoding=\"async\" width=\"300\" height=\"300\" src=\"https:\/\/everest.versify.digital\/wp-content\/uploads\/2024\/04\/01.-Mt.-DENALI_viskio_taures_2vnt-300x300.webp\" class=\"attachment-woocommerce_thumbnail size-woocommerce_thumbnail\" alt=\"DENALI  Viskio taur\u0117s (2vnt.)\" srcset=\"https:\/\/everest.versify.digital\/wp-content\/uploads\/2024\/04\/01.-Mt.-DENALI_viskio_taures_2vnt-300x300.webp 300w, https:\/\/everest.versify.digital\/wp-content\/uploads\/2024\/04\/01.-Mt.-DENALI_viskio_taures_2vnt-1024x1024.webp 1024w, https:\/\/everest.versify.digital\/wp-content\/uploads\/2024\/04\/01.-Mt.-DENALI_viskio_taures_2vnt-150x150.webp 150w, https:\/\/everest.versify.digital\/wp-content\/uploads\/2024\/04\/01.-Mt.-DENALI_viskio_taures_2vnt-768x768.webp 768w, https:\/\/everest.versify.digital\/wp-content\/uploads\/2024\/04\/01.-Mt.-DENALI_viskio_taures_2vnt-1536x1536.webp 1536w, https:\/\/everest.versify.digital\/wp-content\/uploads\/2024\/04\/01.-Mt.-DENALI_viskio_taures_2vnt-2048x2048.webp 2048w, https:\/\/everest.versify.digital\/wp-content\/uploads\/2024\/04\/01.-Mt.-DENALI_viskio_taures_2vnt-12x12.webp 12w, https:\/\/everest.versify.digital\/wp-content\/uploads\/2024\/04\/01.-Mt.-DENALI_viskio_taures_2vnt-600x600.webp 600w, https:\/\/everest.versify.digital\/wp-content\/uploads\/2024\/04\/01.-Mt.-DENALI_viskio_taures_2vnt-64x64.webp 64w\" sizes=\"(max-width: 300px) 100vw, 300px\" \/><\/div>\n\t\t\t\t\t<div class=\"wc-block-grid__product-title\">DENALI Viskija gl\u0101zes (2 gab.)<\/div>\n\t\t\t\t<\/a>\n\t\t\t\t<div class=\"wc-block-grid__product-price price\"><div class=\"price\"><span class=\"woocommerce-Price-amount amount\">29,95&nbsp;<span class=\"woocommerce-Price-currencySymbol\">\u20ac<\/span><\/span><\/div><\/div>\n\t\t\t\t\n\t\t\t\t<div class=\"wp-block-button wc-block-grid__product-add-to-cart\"><a href=\"?add-to-cart=25753\" aria-label=\"Pievienot grozam: &quot;DENALI  Viskio taur\u0117s (2vnt.)&quot;\" data-quantity=\"1\" data-product_id=\"25753\" data-product_sku=\"L60300-1\" data-price=\"29.95\" rel=\"nofollow\" class=\"wp-block-button__link  add_to_cart_button ajax_add_to_cart\" data-no-translation=\"\" data-trp-gettext=\"\" data-no-translation-aria-label=\"\">Pievienot grozam<\/a><\/div>\n\t\t\t<\/li><li class=\"wc-block-grid__product\">\n\t\t\t\t<a href=\"https:\/\/everest.versify.digital\/lv\/product\/viskio-taures-k2-2vnt\/\" class=\"wc-block-grid__product-link\">\n\t\t\t\t\t\n\t\t\t\t\t<div class=\"wc-block-grid__product-image\"><img decoding=\"async\" width=\"300\" height=\"300\" src=\"https:\/\/everest.versify.digital\/wp-content\/uploads\/2024\/04\/01.-K2_viskio_taures-2vnt-300x300.webp\" class=\"attachment-woocommerce_thumbnail size-woocommerce_thumbnail\" alt=\"K2  Viskio taur\u0117s (2vnt.)\" srcset=\"https:\/\/everest.versify.digital\/wp-content\/uploads\/2024\/04\/01.-K2_viskio_taures-2vnt-300x300.webp 300w, https:\/\/everest.versify.digital\/wp-content\/uploads\/2024\/04\/01.-K2_viskio_taures-2vnt-1024x1024.webp 1024w, https:\/\/everest.versify.digital\/wp-content\/uploads\/2024\/04\/01.-K2_viskio_taures-2vnt-150x150.webp 150w, https:\/\/everest.versify.digital\/wp-content\/uploads\/2024\/04\/01.-K2_viskio_taures-2vnt-768x768.webp 768w, https:\/\/everest.versify.digital\/wp-content\/uploads\/2024\/04\/01.-K2_viskio_taures-2vnt-12x12.webp 12w, https:\/\/everest.versify.digital\/wp-content\/uploads\/2024\/04\/01.-K2_viskio_taures-2vnt-600x600.webp 600w, https:\/\/everest.versify.digital\/wp-content\/uploads\/2024\/04\/01.-K2_viskio_taures-2vnt-64x64.webp 64w, https:\/\/everest.versify.digital\/wp-content\/uploads\/2024\/04\/01.-K2_viskio_taures-2vnt.webp 1200w\" sizes=\"(max-width: 300px) 100vw, 300px\" \/><\/div>\n\t\t\t\t\t<div class=\"wc-block-grid__product-title\">K2 Viskija gl\u0101zes (2 gab.)<\/div>\n\t\t\t\t<\/a>\n\t\t\t\t<div class=\"wc-block-grid__product-price price\"><div class=\"price\"><span class=\"woocommerce-Price-amount amount\">29,95&nbsp;<span class=\"woocommerce-Price-currencySymbol\">\u20ac<\/span><\/span><\/div><\/div>\n\t\t\t\t\n\t\t\t\t<div class=\"wp-block-button wc-block-grid__product-add-to-cart\"><a href=\"?add-to-cart=25516\" aria-label=\"Pievienot grozam: &quot;K2  Viskio taur\u0117s (2vnt.)&quot;\" data-quantity=\"1\" data-product_id=\"25516\" data-product_sku=\"L60300\" data-price=\"29.95\" rel=\"nofollow\" class=\"wp-block-button__link  add_to_cart_button ajax_add_to_cart\" data-no-translation=\"\" data-trp-gettext=\"\" data-no-translation-aria-label=\"\">Pievienot grozam<\/a><\/div>\n\t\t\t<\/li><li class=\"wc-block-grid__product\">\n\t\t\t\t<a href=\"https:\/\/everest.versify.digital\/lv\/product\/viskio-taures-mount-fuji-2vnt\/\" class=\"wc-block-grid__product-link\">\n\t\t\t\t\t\n\t\t\t\t\t<div class=\"wc-block-grid__product-image\"><img loading=\"lazy\" decoding=\"async\" width=\"300\" height=\"300\" src=\"https:\/\/everest.versify.digital\/wp-content\/uploads\/2024\/04\/01.-FUJI_viskio_taures_2vnt-300x300.webp\" class=\"attachment-woocommerce_thumbnail size-woocommerce_thumbnail\" alt=\"MOUNT FUJI Viskio taur\u0117s (2vnt.)\" srcset=\"https:\/\/everest.versify.digital\/wp-content\/uploads\/2024\/04\/01.-FUJI_viskio_taures_2vnt-300x300.webp 300w, https:\/\/everest.versify.digital\/wp-content\/uploads\/2024\/04\/01.-FUJI_viskio_taures_2vnt-1024x1024.webp 1024w, https:\/\/everest.versify.digital\/wp-content\/uploads\/2024\/04\/01.-FUJI_viskio_taures_2vnt-150x150.webp 150w, https:\/\/everest.versify.digital\/wp-content\/uploads\/2024\/04\/01.-FUJI_viskio_taures_2vnt-768x768.webp 768w, https:\/\/everest.versify.digital\/wp-content\/uploads\/2024\/04\/01.-FUJI_viskio_taures_2vnt-12x12.webp 12w, https:\/\/everest.versify.digital\/wp-content\/uploads\/2024\/04\/01.-FUJI_viskio_taures_2vnt-600x600.webp 600w, https:\/\/everest.versify.digital\/wp-content\/uploads\/2024\/04\/01.-FUJI_viskio_taures_2vnt-64x64.webp 64w, https:\/\/everest.versify.digital\/wp-content\/uploads\/2024\/04\/01.-FUJI_viskio_taures_2vnt.webp 1200w\" sizes=\"(max-width: 300px) 100vw, 300px\" \/><\/div>\n\t\t\t\t\t<div class=\"wc-block-grid__product-title\">MOUNT FUJI Viskija gl\u0101zes (2 gab.)<\/div>\n\t\t\t\t<\/a>\n\t\t\t\t<div class=\"wc-block-grid__product-price price\"><div class=\"price\"><span class=\"woocommerce-Price-amount amount\">29,95&nbsp;<span class=\"woocommerce-Price-currencySymbol\">\u20ac<\/span><\/span><\/div><\/div>\n\t\t\t\t\n\t\t\t\t<div class=\"wp-block-button wc-block-grid__product-add-to-cart\"><a href=\"?add-to-cart=25515\" aria-label=\"Pievienot grozam: &quot;MOUNT FUJI Viskio taur\u0117s (2vnt.)&quot;\" data-quantity=\"1\" data-product_id=\"25515\" data-product_sku=\"L60200\" data-price=\"29.95\" rel=\"nofollow\" class=\"wp-block-button__link  add_to_cart_button ajax_add_to_cart\" data-no-translation=\"\" data-trp-gettext=\"\" data-no-translation-aria-label=\"\">Pievienot grozam<\/a><\/div>\n\t\t\t<\/li><\/ul><\/div><\/div><\/div>","protected":false},"excerpt":{"rendered":"","protected":false},"author":1,"featured_media":0,"parent":0,"menu_order":0,"comment_status":"closed","ping_status":"closed","template":"","meta":{"footnotes":""},"_links":{"self":[{"href":"https:\/\/everest.versify.digital\/lv\/wp-json\/wp\/v2\/pages\/7"}],"collection":[{"href":"https:\/\/everest.versify.digital\/lv\/wp-json\/wp\/v2\/pages"}],"about":[{"href":"https:\/\/everest.versify.digital\/lv\/wp-json\/wp\/v2\/types\/page"}],"author":[{"embeddable":true,"href":"https:\/\/everest.versify.digital\/lv\/wp-json\/wp\/v2\/users\/1"}],"replies":[{"embeddable":true,"href":"https:\/\/everest.versify.digital\/lv\/wp-json\/wp\/v2\/comments?post=7"}],"version-history":[{"count":1,"href":"https:\/\/everest.versify.digital\/lv\/wp-json\/wp\/v2\/pages\/7\/revisions"}],"predecessor-version":[{"id":22668,"href":"https:\/\/everest.versify.digital\/lv\/wp-json\/wp\/v2\/pages\/7\/revisions\/22668"}],"wp:attachment":[{"href":"https:\/\/everest.versify.digital\/lv\/wp-json\/wp\/v2\/media?parent=7"}],"curies":[{"name":"wp","href":"https:\/\/api.w.org\/{rel}","templated":true}]}}