{"id":25507,"date":"2024-04-02T01:44:01","date_gmt":"2024-04-01T22:44:01","guid":{"rendered":"https:\/\/everest.versify.digital\/?post_type=product&#038;p=25507"},"modified":"2024-04-17T21:45:05","modified_gmt":"2024-04-17T18:45:05","slug":"viskio-taures-everest-4vnt","status":"publish","type":"product","link":"https:\/\/everest.versify.digital\/lv\/product\/viskio-taures-everest-4vnt\/","title":{"rendered":"EVEREST Viskija gl\u0101zes (4 gab.)"},"content":{"rendered":"<div data-elementor-type=\"product-post\" data-elementor-id=\"25507\" class=\"elementor elementor-25507\" data-elementor-post-type=\"product\">\n\t\t\t\t<div class=\"elementor-element elementor-element-e1d1966 e-con-full e-flex e-con e-parent\" data-id=\"e1d1966\" data-element_type=\"container\">\n\t\t\t\t<div class=\"elementor-element elementor-element-bcf3d01 elementor-widget elementor-widget-video\" data-id=\"bcf3d01\" data-element_type=\"widget\" data-settings=\"{&quot;youtube_url&quot;:&quot;https:\\\/\\\/youtu.be\\\/Dl7BQ60yvr8&quot;,&quot;modestbranding&quot;:&quot;yes&quot;,&quot;video_type&quot;:&quot;youtube&quot;,&quot;controls&quot;:&quot;yes&quot;}\" data-widget_type=\"video.default\">\n\t\t\t\t<div class=\"elementor-widget-container\">\n\t\t\t\t\t\t\t<div class=\"elementor-wrapper elementor-open-inline\">\n\t\t\t<div class=\"elementor-video\"><\/div>\t\t<\/div>\n\t\t\t\t\t\t<\/div>\n\t\t\t\t<\/div>\n\t\t\t\t<\/div>\n\t\t<div class=\"elementor-element elementor-element-c5ddd98 e-flex e-con-boxed e-con e-parent\" data-id=\"c5ddd98\" data-element_type=\"container\">\n\t\t\t\t\t<div class=\"e-con-inner\">\n\t\t\t\t<div class=\"elementor-element elementor-element-c46ad0a elementor-widget elementor-widget-tm-timeline\" data-id=\"c46ad0a\" data-element_type=\"widget\" data-widget_type=\"tm-timeline.default\">\n\t\t\t\t<div class=\"elementor-widget-container\">\n\t\t\t\t\t\t\t<div class=\"minimog-timeline style-01\">\n\t\t\t<div class=\"timeline-line\"><\/div>\n\t\t\t\t\t\t\t<div class=\"timeline-list\">\n\t\t\t\t\t\t\t\t\t\t\t<div class=\"timeline-item item\">\n\t\t\t\t\t\t\t<div class=\"timeline-dot\"><\/div>\n\n\t\t\t\t\t\t\t<div class=\"content-wrap\">\n\t\t\t\t\t\t\t\t<div class=\"content-header\">\n\t\t\t\t\t\t\t\t\t<div class=\"content-inner\">\n\t\t\t\t\t\t\t\t\t\t\t\t\t\t\t\t\t\t\t\t\t<h5 class=\"title\">VIENA EVERESTA VISKIJA GL\u0100ZE SVER APTUVENI 430 G, UN T\u0100 IR VIEN\u012aG\u0100 VISKIJA GL\u0100ZE PASAUL\u0112 AR PREC\u012aZU EVERESTA KALNA SKULPT\u016aRU GL\u0100ZES IEK\u0160PUS\u0112.<\/h5>\n\t\t\t\t\t\t\t\t\t\t\n\t\t\t\t\t\t\t\t\t\t<div class=\"minimog-image image\">\n\t\t\t\t\t\t\t\t\t\t\t<m-image class=\"minimog-lazy-image\" style=\"--lazy-image-width: 680px;--lazy-image-height: 61.617647058824%;\" data-image-loading><img loading=\"lazy\" decoding=\"async\"  src=\"https:\/\/everest.versify.digital\/wp-content\/uploads\/2024\/04\/GIF-Glass.gif\" width=\"680\" height=\"419\" alt=\"GIF-Glass\" class=\"attachment-full size-full\" \/><\/m-image>\t\t\t\t\t\t\t\t\t\t<\/div>\n\t\t\t\t\t\t\t\t\t<\/div>\n\t\t\t\t\t\t\t\t<\/div>\n\n\t\t\t\t\t\t\t\t<div class=\"content-main\">\n\t\t\t\t\t\t\t\t\t<div class=\"content-inner\">\n\t\t\t\t\t\t\t\t\t\t\n\t\t\t\t\t\t\t\t\t\t\t\t\t\t\t\t\t\t\t\t\t<div class=\"description\">\n\t\t\t\t\t\t\t\t\t\t\t\t<p class=\"qodef-e-text\">Patent\u0113t\u0101 Chill-Charge System\u2122 atdzes\u0113 dz\u0113rienu tikai 18 sekun\u017eu laik\u0101. Atbr\u012bvojiet viskija arom\u0101tu, viegli pagrie\u017eot dz\u0113rienu ap Everesta kalna reljefu.<\/p><p>Savienojiet \u0161\u012bs gl\u0101zes ar Everest dekanteri un uzreiz uzlabojiet savu koktei\u013cu dzer\u0161anas rut\u012bnu neatkar\u012bgi no t\u0101, vai j\u016bs cien\u0101jat draugus ar dz\u0113rieniem vai izliekat \u0161\u012bs gl\u0101zes l\u012bdz\u0101s savai dz\u0113rienu kolekcijai.<\/p>\t\t\t\t\t\t\t\t\t\t\t<\/div>\n\t\t\t\t\t\t\t\t\t\t\t\t\t\t\t\t\t\t\t<\/div>\n\t\t\t\t\t\t\t\t<\/div>\n\t\t\t\t\t\t\t<\/div>\n\t\t\t\t\t\t<\/div>\n\t\t\t\t\t\t\t\t\t\t\t<div class=\"timeline-item item\">\n\t\t\t\t\t\t\t<div class=\"timeline-dot\"><\/div>\n\n\t\t\t\t\t\t\t<div class=\"content-wrap\">\n\t\t\t\t\t\t\t\t<div class=\"content-header\">\n\t\t\t\t\t\t\t\t\t<div class=\"content-inner\">\n\t\t\t\t\t\t\t\t\t\t\t\t\t\t\t\t\t\t\t\t\t<h5 class=\"title\">\"CHILL-CHARGE SYSTEM\u2122\"<\/h5>\n\t\t\t\t\t\t\t\t\t\t\n\t\t\t\t\t\t\t\t\t\t<div class=\"minimog-image image\">\n\t\t\t\t\t\t\t\t\t\t\t<m-image class=\"minimog-lazy-image\" style=\"--lazy-image-width: 680px;--lazy-image-height: 56.323529411765%;\" data-image-loading><img loading=\"lazy\" decoding=\"async\"  src=\"https:\/\/everest.versify.digital\/wp-content\/uploads\/2024\/04\/GIF-chill-charge.gif\" width=\"680\" height=\"383\" alt=\"GIF-chill-charge\" class=\"attachment-full size-full\" \/><\/m-image>\t\t\t\t\t\t\t\t\t\t<\/div>\n\t\t\t\t\t\t\t\t\t<\/div>\n\t\t\t\t\t\t\t\t<\/div>\n\n\t\t\t\t\t\t\t\t<div class=\"content-main\">\n\t\t\t\t\t\t\t\t\t<div class=\"content-inner\">\n\t\t\t\t\t\t\t\t\t\t\n\t\t\t\t\t\t\t\t\t\t\t\t\t\t\t\t\t\t\t\t\t<div class=\"description\">\n\t\t\t\t\t\t\t\t\t\t\t\tAizmirstiet par ledus un viskija akme\u0146iem!\n\"Chill - Charge\u2122\" sist\u0113ma ir integr\u0113ta gl\u0101z\u0113. Turiet gl\u0101zi sald\u0113tav\u0101, lai uzl\u0101d\u0113tu gl\u0101zi ar dzes\u0113\u0161anas ener\u0123iju.\n\nVienm\u0113r\u012bgi atdzes\u0113jiet viskiju maz\u0101k nek\u0101 18 sekun\u017eu laik\u0101, neatdzes\u0113jot to. Izbaudiet perfektu viskija degust\u0101cijas pieredzi.\t\t\t\t\t\t\t\t\t\t\t<\/div>\n\t\t\t\t\t\t\t\t\t\t\t\t\t\t\t\t\t\t\t<\/div>\n\t\t\t\t\t\t\t\t<\/div>\n\t\t\t\t\t\t\t<\/div>\n\t\t\t\t\t\t<\/div>\n\t\t\t\t\t\t\t\t\t\t\t<div class=\"timeline-item item\">\n\t\t\t\t\t\t\t<div class=\"timeline-dot\"><\/div>\n\n\t\t\t\t\t\t\t<div class=\"content-wrap\">\n\t\t\t\t\t\t\t\t<div class=\"content-header\">\n\t\t\t\t\t\t\t\t\t<div class=\"content-inner\">\n\t\t\t\t\t\t\t\t\t\t\t\t\t\t\t\t\t\t\t\t\t<h5 class=\"title\">IZM\u0112RIET DZ\u0112RIENU P\u0112C P\u012aR\u0100DZI\u0145IEM<\/h5>\n\t\t\t\t\t\t\t\t\t\t\n\t\t\t\t\t\t\t\t\t\t<div class=\"minimog-image image\">\n\t\t\t\t\t\t\t\t\t\t\t<m-image class=\"minimog-lazy-image\" style=\"--lazy-image-width: 680px;--lazy-image-height: 56.323529411765%;\" data-image-loading><img loading=\"lazy\" decoding=\"async\"  src=\"https:\/\/everest.versify.digital\/wp-content\/uploads\/2024\/04\/GIF-scale-the-summit.gif\" width=\"680\" height=\"383\" alt=\"GIF-scale-the-summit\" class=\"attachment-full size-full\" \/><\/m-image>\t\t\t\t\t\t\t\t\t\t<\/div>\n\t\t\t\t\t\t\t\t\t<\/div>\n\t\t\t\t\t\t\t\t<\/div>\n\n\t\t\t\t\t\t\t\t<div class=\"content-main\">\n\t\t\t\t\t\t\t\t\t<div class=\"content-inner\">\n\t\t\t\t\t\t\t\t\t\t\n\t\t\t\t\t\t\t\t\t\t\t\t\t\t\t\t\t\t\t\t\t<div class=\"description\">\n\t\t\t\t\t\t\t\t\t\t\t\tIzm\u0113riet savu dz\u0113rienu ar orientieriem !<br>\n\nVienviet\u012bga: Zieme\u013cu b\u0101zes nometne Tibet\u0101 (5150 m)\nDivviet\u012bga: Dienvidu b\u0101zes nometne II Nep\u0101l\u0101 (5 364 mt)\nTr\u012bsviet\u012bgi: Everesta virsotne (8 848 mt)\t\t\t\t\t\t\t\t\t\t\t<\/div>\n\t\t\t\t\t\t\t\t\t\t\t\t\t\t\t\t\t\t\t<\/div>\n\t\t\t\t\t\t\t\t<\/div>\n\t\t\t\t\t\t\t<\/div>\n\t\t\t\t\t\t<\/div>\n\t\t\t\t\t\t\t\t\t\t\t<div class=\"timeline-item item\">\n\t\t\t\t\t\t\t<div class=\"timeline-dot\"><\/div>\n\n\t\t\t\t\t\t\t<div class=\"content-wrap\">\n\t\t\t\t\t\t\t\t<div class=\"content-header\">\n\t\t\t\t\t\t\t\t\t<div class=\"content-inner\">\n\t\t\t\t\t\t\t\t\t\t\t\t\t\t\t\t\t\t\t\t\t<h5 class=\"title\">ATKL\u0100J AROM\u0100TU<\/h5>\n\t\t\t\t\t\t\t\t\t\t\n\t\t\t\t\t\t\t\t\t\t<div class=\"minimog-image image\">\n\t\t\t\t\t\t\t\t\t\t\t<m-image class=\"minimog-lazy-image\" style=\"--lazy-image-width: 680px;--lazy-image-height: 56.323529411765%;\" data-image-loading><img loading=\"lazy\" decoding=\"async\"  src=\"https:\/\/everest.versify.digital\/wp-content\/uploads\/2024\/04\/GIF-unlock-the-flavour.gif\" width=\"680\" height=\"383\" alt=\"GIF-unlock-the-flavour\" class=\"attachment-full size-full\" \/><\/m-image>\t\t\t\t\t\t\t\t\t\t<\/div>\n\t\t\t\t\t\t\t\t\t<\/div>\n\t\t\t\t\t\t\t\t<\/div>\n\n\t\t\t\t\t\t\t\t<div class=\"content-main\">\n\t\t\t\t\t\t\t\t\t<div class=\"content-inner\">\n\t\t\t\t\t\t\t\t\t\t\n\t\t\t\t\t\t\t\t\t\t\t\t\t\t\t\t\t\t\t\t\t<div class=\"description\">\n\t\t\t\t\t\t\t\t\t\t\t\t3D kalna dizains nodro\u0161ina dabisku aer\u0101ciju, kas izce\u013c j\u016bsu iecien\u012bt\u0101 viskija arom\u0101tu un uzlabo gar\u0161as pieredzi.\nDz\u0113rienam pl\u016bstot pa Everest reljefu, veidojas vi\u013c\u0146i, kas veicina dz\u0113riena oksid\u0113\u0161anos.\n\u0160is process izraisa etanola iztvaiko\u0161anu, pat\u012bkami stimul\u0113jot o\u017eas un gar\u0161as receptorus.\t\t\t\t\t\t\t\t\t\t\t<\/div>\n\t\t\t\t\t\t\t\t\t\t\t\t\t\t\t\t\t\t\t<\/div>\n\t\t\t\t\t\t\t\t<\/div>\n\t\t\t\t\t\t\t<\/div>\n\t\t\t\t\t\t<\/div>\n\t\t\t\t\t\t\t\t\t\t\t<div class=\"timeline-item item\">\n\t\t\t\t\t\t\t<div class=\"timeline-dot\"><\/div>\n\n\t\t\t\t\t\t\t<div class=\"content-wrap\">\n\t\t\t\t\t\t\t\t<div class=\"content-header\">\n\t\t\t\t\t\t\t\t\t<div class=\"content-inner\">\n\t\t\t\t\t\t\t\t\t\t\t\t\t\t\t\t\t\t\t\t\t<h5 class=\"title\">\u012aSTA EVERESTA REPLIKA<\/h5>\n\t\t\t\t\t\t\t\t\t\t\n\t\t\t\t\t\t\t\t\t\t<div class=\"minimog-image image\">\n\t\t\t\t\t\t\t\t\t\t\t<m-image class=\"minimog-lazy-image\" style=\"--lazy-image-width: 680px;--lazy-image-height: 55%;\" data-image-loading><img loading=\"lazy\" decoding=\"async\"  src=\"https:\/\/everest.versify.digital\/wp-content\/uploads\/2024\/04\/GIF-Everest-Replica.gif\" width=\"680\" height=\"374\" alt=\"GIF-Everest-Replica\" class=\"attachment-full size-full\" \/><\/m-image>\t\t\t\t\t\t\t\t\t\t<\/div>\n\t\t\t\t\t\t\t\t\t<\/div>\n\t\t\t\t\t\t\t\t<\/div>\n\n\t\t\t\t\t\t\t\t<div class=\"content-main\">\n\t\t\t\t\t\t\t\t\t<div class=\"content-inner\">\n\t\t\t\t\t\t\t\t\t\t\n\t\t\t\t\t\t\t\t\t\t\t\t\t\t\t\t\t\t\t\t\t<div class=\"description\">\n\t\t\t\t\t\t\t\t\t\t\t\t<p>\u0145em to rok\u0101s <strong>Pasaul\u0113 sp\u0113c\u012bg\u0101k\u0101 virsotne.<\/strong><\/p><p>\"Everesta viskija kauss ir Everesta kalna replika 1:1, kas veidota kausa iek\u0161pus\u0113.<\/p>\t\t\t\t\t\t\t\t\t\t\t<\/div>\n\t\t\t\t\t\t\t\t\t\t\t\t\t\t\t\t\t\t\t<\/div>\n\t\t\t\t\t\t\t\t<\/div>\n\t\t\t\t\t\t\t<\/div>\n\t\t\t\t\t\t<\/div>\n\t\t\t\t\t\t\t\t\t\t\t<div class=\"timeline-item item\">\n\t\t\t\t\t\t\t<div class=\"timeline-dot\"><\/div>\n\n\t\t\t\t\t\t\t<div class=\"content-wrap\">\n\t\t\t\t\t\t\t\t<div class=\"content-header\">\n\t\t\t\t\t\t\t\t\t<div class=\"content-inner\">\n\t\t\t\t\t\t\t\t\t\t\t\t\t\t\t\t\t\t\t\t\t<h5 class=\"title\">NO DABAS UZ DABU<\/h5>\n\t\t\t\t\t\t\t\t\t\t\n\t\t\t\t\t\t\t\t\t\t<div class=\"minimog-image image\">\n\t\t\t\t\t\t\t\t\t\t\t<m-image class=\"minimog-lazy-image\" style=\"--lazy-image-width: 680px;--lazy-image-height: 65.147058823529%;\" data-image-loading><img loading=\"lazy\" decoding=\"async\"  src=\"https:\/\/everest.versify.digital\/wp-content\/uploads\/2024\/04\/GIF-From-nature-for-nature.gif\" width=\"680\" height=\"443\" alt=\"GIF-From-nature-for-nature\" class=\"attachment-full size-full\" \/><\/m-image>\t\t\t\t\t\t\t\t\t\t<\/div>\n\t\t\t\t\t\t\t\t\t<\/div>\n\t\t\t\t\t\t\t\t<\/div>\n\n\t\t\t\t\t\t\t\t<div class=\"content-main\">\n\t\t\t\t\t\t\t\t\t<div class=\"content-inner\">\n\t\t\t\t\t\t\t\t\t\t\n\t\t\t\t\t\t\t\t\t\t\t\t\t\t\t\t\t\t\t\t\t<div class=\"description\">\n\t\t\t\t\t\t\t\t\t\t\t\tKrist\u0101liskais stikls ir lieliska alternat\u012bva svina krist\u0101lam. Br\u012bni\u0161\u0137\u012bgi skat\u012bties, tur\u0113t rok\u0101s un izst\u0101d\u012bt. \u0160im stiklam ir apbr\u012bnojama skaidr\u012bba un gludums, un tas nesatur svinu!<br>\n<br>\nKrist\u0101lisk\u0101 stikla priek\u0161roc\u012bbas:<br>\n<br>\n- Augsta stikla caursp\u012bd\u012bba\n- Nav svina izskalo\u0161an\u0101s riska dz\u0113rienos vai alkohol\u0101\n- Var mazg\u0101t trauku mazg\u0101jam\u0101 ma\u0161\u012bn\u0101<br>\n<br>\n\nEverest viskija komplekts ir izgatavots no 100% p\u0101rstr\u0101d\u0101jam\u0101 silik\u0101ta, un tas ir izgatavots no dab\u0101 visvair\u0101k p\u0101rstr\u0101d\u0101jam\u0101 materi\u0101la.\t\t\t\t\t\t\t\t\t\t\t<\/div>\n\t\t\t\t\t\t\t\t\t\t\t\t\t\t\t\t\t\t\t<\/div>\n\t\t\t\t\t\t\t\t<\/div>\n\t\t\t\t\t\t\t<\/div>\n\t\t\t\t\t\t<\/div>\n\t\t\t\t\t\t\t\t\t\t\t<div class=\"timeline-item item\">\n\t\t\t\t\t\t\t<div class=\"timeline-dot\"><\/div>\n\n\t\t\t\t\t\t\t<div class=\"content-wrap\">\n\t\t\t\t\t\t\t\t<div class=\"content-header\">\n\t\t\t\t\t\t\t\t\t<div class=\"content-inner\">\n\t\t\t\t\t\t\t\t\t\t\t\t\t\t\t\t\t\t\t\t\t<h5 class=\"title\">PUIKI D\u0100VANA<\/h5>\n\t\t\t\t\t\t\t\t\t\t\n\t\t\t\t\t\t\t\t\t\t<div class=\"minimog-image image\">\n\t\t\t\t\t\t\t\t\t\t\t<m-image class=\"minimog-lazy-image\" style=\"--lazy-image-width: 872px;--lazy-image-height: 100%;\" data-image-loading><img loading=\"lazy\" decoding=\"async\"  src=\"https:\/\/everest.versify.digital\/wp-content\/uploads\/2024\/04\/y4msaK5G0J.jpeg\" width=\"872\" height=\"872\" alt=\"y4msaK5G0J\" class=\"attachment-full size-full\" \/><\/m-image>\t\t\t\t\t\t\t\t\t\t<\/div>\n\t\t\t\t\t\t\t\t\t<\/div>\n\t\t\t\t\t\t\t\t<\/div>\n\n\t\t\t\t\t\t\t\t<div class=\"content-main\">\n\t\t\t\t\t\t\t\t\t<div class=\"content-inner\">\n\t\t\t\t\t\t\t\t\t\t\n\t\t\t\t\t\t\t\t\t\t\t\t\t\t\t\t\t\t\t\t\t<div class=\"description\">\n\t\t\t\t\t\t\t\t\t\t\t\tD\u0101viniet Everest viskija gl\u0101zes savam v\u012bram, t\u0113vam, vecvec\u0101kam, br\u0101lim, draugam vai biznesa partnerim. Unik\u0101lais dizains padara d\u0101vanu \u012bpa\u0161u un rada \"wow\" mirkli.\t\t\t\t\t\t\t\t\t\t\t<\/div>\n\t\t\t\t\t\t\t\t\t\t\t\t\t\t\t\t\t\t\t<\/div>\n\t\t\t\t\t\t\t\t<\/div>\n\t\t\t\t\t\t\t<\/div>\n\t\t\t\t\t\t<\/div>\n\t\t\t\t\t\t\t\t\t<\/div>\n\t\t\t\t\t<\/div>\n\t\t\t\t\t\t<\/div>\n\t\t\t\t<\/div>\n\t\t\t\t\t<\/div>\n\t\t\t\t<\/div>\n\t\t\t\t<\/div>","protected":false},"excerpt":{"rendered":"<p>Unik\u0101ls Everesta kalna dizains (1:1 reprodukcija)<\/p>","protected":false},"featured_media":26022,"comment_status":"closed","ping_status":"closed","template":"elementor_theme","meta":[],"product_brand":[],"product_cat":[272],"product_tag":[],"_links":{"self":[{"href":"https:\/\/everest.versify.digital\/lv\/wp-json\/wp\/v2\/product\/25507"}],"collection":[{"href":"https:\/\/everest.versify.digital\/lv\/wp-json\/wp\/v2\/product"}],"about":[{"href":"https:\/\/everest.versify.digital\/lv\/wp-json\/wp\/v2\/types\/product"}],"replies":[{"embeddable":true,"href":"https:\/\/everest.versify.digital\/lv\/wp-json\/wp\/v2\/comments?post=25507"}],"version-history":[{"count":6,"href":"https:\/\/everest.versify.digital\/lv\/wp-json\/wp\/v2\/product\/25507\/revisions"}],"predecessor-version":[{"id":25786,"href":"https:\/\/everest.versify.digital\/lv\/wp-json\/wp\/v2\/product\/25507\/revisions\/25786"}],"wp:featuredmedia":[{"embeddable":true,"href":"https:\/\/everest.versify.digital\/lv\/wp-json\/wp\/v2\/media\/26022"}],"wp:attachment":[{"href":"https:\/\/everest.versify.digital\/lv\/wp-json\/wp\/v2\/media?parent=25507"}],"wp:term":[{"taxonomy":"product_brand","embeddable":true,"href":"https:\/\/everest.versify.digital\/lv\/wp-json\/wp\/v2\/product_brand?post=25507"},{"taxonomy":"product_cat","embeddable":true,"href":"https:\/\/everest.versify.digital\/lv\/wp-json\/wp\/v2\/product_cat?post=25507"},{"taxonomy":"product_tag","embeddable":true,"href":"https:\/\/everest.versify.digital\/lv\/wp-json\/wp\/v2\/product_tag?post=25507"}],"curies":[{"name":"wp","href":"https:\/\/api.w.org\/{rel}","templated":true}]}}