{"id":25511,"date":"2024-04-02T01:44:01","date_gmt":"2024-04-01T22:44:01","guid":{"rendered":"https:\/\/everest.versify.digital\/?post_type=product&#038;p=25511"},"modified":"2024-04-17T21:44:44","modified_gmt":"2024-04-17T18:44:44","slug":"viskio-taures-the-peaks-4vnt","status":"publish","type":"product","link":"https:\/\/everest.versify.digital\/lv\/product\/viskio-taures-the-peaks-4vnt\/","title":{"rendered":"The PEAKS Viskija gl\u0101zes (4 gab.)"},"content":{"rendered":"<div data-elementor-type=\"product-post\" data-elementor-id=\"25511\" class=\"elementor elementor-25511\" data-elementor-post-type=\"product\">\n\t\t\t\t<div class=\"elementor-element elementor-element-83fe722 e-con-full e-flex e-con e-parent\" data-id=\"83fe722\" data-element_type=\"container\">\n\t\t\t\t<div class=\"elementor-element elementor-element-b69ea5c elementor-widget elementor-widget-video\" data-id=\"b69ea5c\" data-element_type=\"widget\" data-settings=\"{&quot;youtube_url&quot;:&quot;https:\\\/\\\/youtu.be\\\/Eb8jdIZtZIM&quot;,&quot;video_type&quot;:&quot;youtube&quot;,&quot;controls&quot;:&quot;yes&quot;}\" data-widget_type=\"video.default\">\n\t\t\t\t<div class=\"elementor-widget-container\">\n\t\t\t\t\t\t\t<div class=\"elementor-wrapper elementor-open-inline\">\n\t\t\t<div class=\"elementor-video\"><\/div>\t\t<\/div>\n\t\t\t\t\t\t<\/div>\n\t\t\t\t<\/div>\n\t\t\t\t<\/div>\n\t\t\t\t<\/div>","protected":false},"excerpt":{"rendered":"<p><strong>Unik\u0101las 4 le\u0123end\u0101ro kalnu replikas: <\/strong>Monbl\u0101ns, Fud\u017ei kalns, K2 (\u010cogori), Denali.<\/p>","protected":false},"featured_media":25974,"comment_status":"closed","ping_status":"closed","template":"elementor_theme","meta":[],"product_brand":[],"product_cat":[272],"product_tag":[],"_links":{"self":[{"href":"https:\/\/everest.versify.digital\/lv\/wp-json\/wp\/v2\/product\/25511"}],"collection":[{"href":"https:\/\/everest.versify.digital\/lv\/wp-json\/wp\/v2\/product"}],"about":[{"href":"https:\/\/everest.versify.digital\/lv\/wp-json\/wp\/v2\/types\/product"}],"replies":[{"embeddable":true,"href":"https:\/\/everest.versify.digital\/lv\/wp-json\/wp\/v2\/comments?post=25511"}],"version-history":[{"count":3,"href":"https:\/\/everest.versify.digital\/lv\/wp-json\/wp\/v2\/product\/25511\/revisions"}],"predecessor-version":[{"id":25810,"href":"https:\/\/everest.versify.digital\/lv\/wp-json\/wp\/v2\/product\/25511\/revisions\/25810"}],"wp:featuredmedia":[{"embeddable":true,"href":"https:\/\/everest.versify.digital\/lv\/wp-json\/wp\/v2\/media\/25974"}],"wp:attachment":[{"href":"https:\/\/everest.versify.digital\/lv\/wp-json\/wp\/v2\/media?parent=25511"}],"wp:term":[{"taxonomy":"product_brand","embeddable":true,"href":"https:\/\/everest.versify.digital\/lv\/wp-json\/wp\/v2\/product_brand?post=25511"},{"taxonomy":"product_cat","embeddable":true,"href":"https:\/\/everest.versify.digital\/lv\/wp-json\/wp\/v2\/product_cat?post=25511"},{"taxonomy":"product_tag","embeddable":true,"href":"https:\/\/everest.versify.digital\/lv\/wp-json\/wp\/v2\/product_tag?post=25511"}],"curies":[{"name":"wp","href":"https:\/\/api.w.org\/{rel}","templated":true}]}}