{"id":25753,"date":"2024-04-08T02:19:54","date_gmt":"2024-04-07T23:19:54","guid":{"rendered":"https:\/\/everest.versify.digital\/?post_type=product&#038;p=25753"},"modified":"2024-04-17T21:35:23","modified_gmt":"2024-04-17T18:35:23","slug":"denali-viskio-taures-2vnt","status":"publish","type":"product","link":"https:\/\/everest.versify.digital\/lv\/product\/denali-viskio-taures-2vnt\/","title":{"rendered":"DENALI Viskija gl\u0101zes (2 gab.)"},"content":{"rendered":"<div data-elementor-type=\"product-post\" data-elementor-id=\"25753\" class=\"elementor elementor-25753\" data-elementor-post-type=\"product\">\n\t\t\t\t<div class=\"elementor-element elementor-element-0936962 e-con-full e-flex e-con e-parent\" data-id=\"0936962\" data-element_type=\"container\">\n\t\t\t\t<div class=\"elementor-element elementor-element-6b6f502 elementor-widget elementor-widget-video\" data-id=\"6b6f502\" data-element_type=\"widget\" data-settings=\"{&quot;youtube_url&quot;:&quot;https:\\\/\\\/youtu.be\\\/Eb8jdIZtZIM&quot;,&quot;video_type&quot;:&quot;youtube&quot;,&quot;controls&quot;:&quot;yes&quot;}\" data-widget_type=\"video.default\">\n\t\t\t\t<div class=\"elementor-widget-container\">\n\t\t\t\t\t\t\t<div class=\"elementor-wrapper elementor-open-inline\">\n\t\t\t<div class=\"elementor-video\"><\/div>\t\t<\/div>\n\t\t\t\t\t\t<\/div>\n\t\t\t\t<\/div>\n\t\t\t\t<\/div>\n\t\t<div class=\"elementor-element elementor-element-4a78473 e-flex e-con-boxed e-con e-parent\" data-id=\"4a78473\" data-element_type=\"container\">\n\t\t\t\t\t<div class=\"e-con-inner\">\n\t\t\t\t<div class=\"elementor-element elementor-element-0c3a53b elementor-widget elementor-widget-tm-timeline\" data-id=\"0c3a53b\" data-element_type=\"widget\" data-widget_type=\"tm-timeline.default\">\n\t\t\t\t<div class=\"elementor-widget-container\">\n\t\t\t\t\t\t\t<div class=\"minimog-timeline style-01\">\n\t\t\t<div class=\"timeline-line\"><\/div>\n\t\t\t\t\t\t\t<div class=\"timeline-list\">\n\t\t\t\t\t\t\t\t\t\t\t<div class=\"timeline-item item\">\n\t\t\t\t\t\t\t<div class=\"timeline-dot\"><\/div>\n\n\t\t\t\t\t\t\t<div class=\"content-wrap\">\n\t\t\t\t\t\t\t\t<div class=\"content-header\">\n\t\t\t\t\t\t\t\t\t<div class=\"content-inner\">\n\t\t\t\t\t\t\t\t\t\t\t\t\t\t\t\t\t\t\t\t\t<h5 class=\"title\">\u201eK2\u201d ARBA KITAIP \u017dINOMAS KAIP CHOGORI \u2013 ANTRAS PASAULYJE KALNAS PAGAL AUK\u0160T\u012e IR MIRTINGUM\u0104 \u2013 VIENUS G\u0104SDINA, KITUS \u017dAVI IR TRAUKIA I\u0160BANDYT SAVO J\u0116GAS.<\/h5>\n\t\t\t\t\t\t\t\t\t\t\n\t\t\t\t\t\t\t\t\t\t<div class=\"minimog-image image\">\n\t\t\t\t\t\t\t\t\t\t\t<m-image class=\"minimog-lazy-image\" style=\"--lazy-image-width: 680px;--lazy-image-height: 56.323529411765%;\" data-image-loading><img loading=\"lazy\" decoding=\"async\"  src=\"https:\/\/everest.versify.digital\/wp-content\/uploads\/2024\/04\/chillcharge.gif\" width=\"680\" height=\"383\" alt=\"chillcharge\" class=\"attachment-full size-full\" \/><\/m-image>\t\t\t\t\t\t\t\t\t\t<\/div>\n\t\t\t\t\t\t\t\t\t<\/div>\n\t\t\t\t\t\t\t\t<\/div>\n\n\t\t\t\t\t\t\t\t<div class=\"content-main\">\n\t\t\t\t\t\t\t\t\t<div class=\"content-inner\">\n\t\t\t\t\t\t\t\t\t\t\n\t\t\t\t\t\t\t\t\t\t\t\t\t\t\t\t\t\t\t\t\t<div class=\"description\">\n\t\t\t\t\t\t\t\t\t\t\t\t<p class=\"qodef-e-text\">Patent\u0113t\u0101 Chill-Charge System\u2122 atdzes\u0113 dz\u0113rienu tikai 18 sekun\u017eu laik\u0101. Atbr\u012bvojiet viskija arom\u0101tu, viegli pagrie\u017eot dz\u0113rienu pa kalna nog\u0101zi. Savienojiet \u0161\u012bs gl\u0101zes ar dekanteri un uzreiz uzlabojiet savu koktei\u013cu dzer\u0161anas rut\u012bnu neatkar\u012bgi no t\u0101, vai j\u016bs cien\u0101jat draugus ar dz\u0113rieniem vai izliekat \u0161\u012bs gl\u0101zes l\u012bdz\u0101s savai dz\u0113rienu kolekcijai.<\/p><p>\u00a0<\/p>\t\t\t\t\t\t\t\t\t\t\t<\/div>\n\t\t\t\t\t\t\t\t\t\t\t\t\t\t\t\t\t\t\t<\/div>\n\t\t\t\t\t\t\t\t<\/div>\n\t\t\t\t\t\t\t<\/div>\n\t\t\t\t\t\t<\/div>\n\t\t\t\t\t\t\t\t\t\t\t<div class=\"timeline-item item\">\n\t\t\t\t\t\t\t<div class=\"timeline-dot\"><\/div>\n\n\t\t\t\t\t\t\t<div class=\"content-wrap\">\n\t\t\t\t\t\t\t\t<div class=\"content-header\">\n\t\t\t\t\t\t\t\t\t<div class=\"content-inner\">\n\t\t\t\t\t\t\t\t\t\t\t\t\t\t\t\t\t\t\t\t\t<h5 class=\"title\">\"CHILL-CHARGE SYSTEM\u2122\"<\/h5>\n\t\t\t\t\t\t\t\t\t\t\n\t\t\t\t\t\t\t\t\t\t<div class=\"minimog-image image\">\n\t\t\t\t\t\t\t\t\t\t\t<m-image class=\"minimog-lazy-image\" style=\"--lazy-image-width: 680px;--lazy-image-height: 56.323529411765%;\" data-image-loading><img loading=\"lazy\" decoding=\"async\"  src=\"https:\/\/everest.versify.digital\/wp-content\/uploads\/2024\/04\/GIF-chill-charge.gif\" width=\"680\" height=\"383\" alt=\"GIF-chill-charge\" class=\"attachment-full size-full\" \/><\/m-image>\t\t\t\t\t\t\t\t\t\t<\/div>\n\t\t\t\t\t\t\t\t\t<\/div>\n\t\t\t\t\t\t\t\t<\/div>\n\n\t\t\t\t\t\t\t\t<div class=\"content-main\">\n\t\t\t\t\t\t\t\t\t<div class=\"content-inner\">\n\t\t\t\t\t\t\t\t\t\t\n\t\t\t\t\t\t\t\t\t\t\t\t\t\t\t\t\t\t\t\t\t<div class=\"description\">\n\t\t\t\t\t\t\t\t\t\t\t\tAizmirstiet par ledus un viskija akme\u0146iem!\n\"Chill - Charge\u2122\" sist\u0113ma ir integr\u0113ta gl\u0101z\u0113. Turiet gl\u0101zi sald\u0113tav\u0101, lai uzl\u0101d\u0113tu gl\u0101zi ar dzes\u0113\u0161anas ener\u0123iju.\n\nVienm\u0113r\u012bgi atdzes\u0113jiet viskiju maz\u0101k nek\u0101 18 sekun\u017eu laik\u0101, neatdzes\u0113jot to. Izbaudiet perfektu viskija degust\u0101cijas pieredzi.\t\t\t\t\t\t\t\t\t\t\t<\/div>\n\t\t\t\t\t\t\t\t\t\t\t\t\t\t\t\t\t\t\t<\/div>\n\t\t\t\t\t\t\t\t<\/div>\n\t\t\t\t\t\t\t<\/div>\n\t\t\t\t\t\t<\/div>\n\t\t\t\t\t\t\t\t\t\t\t<div class=\"timeline-item item\">\n\t\t\t\t\t\t\t<div class=\"timeline-dot\"><\/div>\n\n\t\t\t\t\t\t\t<div class=\"content-wrap\">\n\t\t\t\t\t\t\t\t<div class=\"content-header\">\n\t\t\t\t\t\t\t\t\t<div class=\"content-inner\">\n\t\t\t\t\t\t\t\t\t\t\t\t\t\t\t\t\t\t\t\t\t<h5 class=\"title\">IZM\u0112RIET DZ\u0112RIENU P\u0112C P\u012aR\u0100DZI\u0145IEM<\/h5>\n\t\t\t\t\t\t\t\t\t\t\n\t\t\t\t\t\t\t\t\t\t<div class=\"minimog-image image\">\n\t\t\t\t\t\t\t\t\t\t\t<m-image class=\"minimog-lazy-image\" style=\"--lazy-image-width: 680px;--lazy-image-height: 56.323529411765%;\" data-image-loading><img loading=\"lazy\" decoding=\"async\"  src=\"https:\/\/everest.versify.digital\/wp-content\/uploads\/2024\/04\/SCALETOSUMMIT.gif\" width=\"680\" height=\"383\" alt=\"SCALETOSUMMIT\" class=\"attachment-full size-full\" \/><\/m-image>\t\t\t\t\t\t\t\t\t\t<\/div>\n\t\t\t\t\t\t\t\t\t<\/div>\n\t\t\t\t\t\t\t\t<\/div>\n\n\t\t\t\t\t\t\t\t<div class=\"content-main\">\n\t\t\t\t\t\t\t\t\t<div class=\"content-inner\">\n\t\t\t\t\t\t\t\t\t\t\n\t\t\t\t\t\t\t\t\t\t\t\t\t\t\t\t\t\t\t\t\t<div class=\"description\">\n\t\t\t\t\t\t\t\t\t\t\t\t<p>Izm\u0113riet savu dz\u0113rienu ar orientieriem !<\/p><p>Viengubas: K2 stovykla 3 (7.400 mt)<\/p><p><br \/>Dvigubas: K2 stovykla 4 (8.000 mt)<br \/>Trigubas: K2 vir\u0161ukaln\u0117 (8.611 mt)<\/p>\t\t\t\t\t\t\t\t\t\t\t<\/div>\n\t\t\t\t\t\t\t\t\t\t\t\t\t\t\t\t\t\t\t<\/div>\n\t\t\t\t\t\t\t\t<\/div>\n\t\t\t\t\t\t\t<\/div>\n\t\t\t\t\t\t<\/div>\n\t\t\t\t\t\t\t\t\t\t\t<div class=\"timeline-item item\">\n\t\t\t\t\t\t\t<div class=\"timeline-dot\"><\/div>\n\n\t\t\t\t\t\t\t<div class=\"content-wrap\">\n\t\t\t\t\t\t\t\t<div class=\"content-header\">\n\t\t\t\t\t\t\t\t\t<div class=\"content-inner\">\n\t\t\t\t\t\t\t\t\t\t\t\t\t\t\t\t\t\t\t\t\t<h5 class=\"title\">ATKL\u0100J AROM\u0100TU<\/h5>\n\t\t\t\t\t\t\t\t\t\t\n\t\t\t\t\t\t\t\t\t\t<div class=\"minimog-image image\">\n\t\t\t\t\t\t\t\t\t\t\t<m-image class=\"minimog-lazy-image\" style=\"--lazy-image-width: 680px;--lazy-image-height: 56.323529411765%;\" data-image-loading><img loading=\"lazy\" decoding=\"async\"  src=\"https:\/\/everest.versify.digital\/wp-content\/uploads\/2024\/04\/aeration.gif\" width=\"680\" height=\"383\" alt=\"aeration\" class=\"attachment-full size-full\" \/><\/m-image>\t\t\t\t\t\t\t\t\t\t<\/div>\n\t\t\t\t\t\t\t\t\t<\/div>\n\t\t\t\t\t\t\t\t<\/div>\n\n\t\t\t\t\t\t\t\t<div class=\"content-main\">\n\t\t\t\t\t\t\t\t\t<div class=\"content-inner\">\n\t\t\t\t\t\t\t\t\t\t\n\t\t\t\t\t\t\t\t\t\t\t\t\t\t\t\t\t\t\t\t\t<div class=\"description\">\n\t\t\t\t\t\t\t\t\t\t\t\t<p>3D kalna dizains nodro\u0161ina dabisku aer\u0101ciju, kas izce\u013c j\u016bsu iecien\u012bt\u0101 viskija arom\u0101tu un uzlabo gar\u0161as saj\u016btu.<br \/>G\u0117rimas, tek\u0117damas K2 tauri\u0173 reljefu sukuria bangas, kurios skatina g\u0117rimo oksidacij\u0105. \u0160is procesas priver\u010dia etanol\u012f garuoti, maloniai su\u017eadindamas uosl\u0117s bei skonio receptorius.<\/p>\t\t\t\t\t\t\t\t\t\t\t<\/div>\n\t\t\t\t\t\t\t\t\t\t\t\t\t\t\t\t\t\t\t<\/div>\n\t\t\t\t\t\t\t\t<\/div>\n\t\t\t\t\t\t\t<\/div>\n\t\t\t\t\t\t<\/div>\n\t\t\t\t\t\t\t\t\t\t\t<div class=\"timeline-item item\">\n\t\t\t\t\t\t\t<div class=\"timeline-dot\"><\/div>\n\n\t\t\t\t\t\t\t<div class=\"content-wrap\">\n\t\t\t\t\t\t\t\t<div class=\"content-header\">\n\t\t\t\t\t\t\t\t\t<div class=\"content-inner\">\n\t\t\t\t\t\t\t\t\t\t\t\t\t\t\t\t\t\t\t\t\t<h5 class=\"title\">DIZAINAS KOLEKCIONIERIAMS<\/h5>\n\t\t\t\t\t\t\t\t\t\t\n\t\t\t\t\t\t\t\t\t\t<div class=\"minimog-image image\">\n\t\t\t\t\t\t\t\t\t\t\t<m-image class=\"minimog-lazy-image\" style=\"--lazy-image-width: 640px;--lazy-image-height: 56.40625%;\" data-image-loading><img loading=\"lazy\" decoding=\"async\"  src=\"https:\/\/everest.versify.digital\/wp-content\/uploads\/2024\/04\/K2.gif\" width=\"640\" height=\"361\" alt=\"K2\" class=\"attachment-full size-full\" \/><\/m-image>\t\t\t\t\t\t\t\t\t\t<\/div>\n\t\t\t\t\t\t\t\t\t<\/div>\n\t\t\t\t\t\t\t\t<\/div>\n\n\t\t\t\t\t\t\t\t<div class=\"content-main\">\n\t\t\t\t\t\t\t\t\t<div class=\"content-inner\">\n\t\t\t\t\t\t\t\t\t\t\n\t\t\t\t\t\t\t\t\t\t\t\t\t\t\t\t\t\t\t\t\t<div class=\"description\">\n\t\t\t\t\t\t\t\t\t\t\t\t<p><b>K2 vai cit\u0101di paz\u012bstams k\u0101 Chogori<\/b>\u00a0\u2013 Kaln\u0173 Karalius st\u016bksantis Pakistane, tituluojamas pavojingiausiu pasaulio kalnu. Antras PASAULYJE kalnas pagal auk\u0161t\u012f ir mirtingum\u0105 \u2013 vienus g\u0105sdina, kitus \u017eavi ir traukia i\u0161bandyt savo j\u0117gas.. \u0160is negailestingas \u201ekalnas \u017eudikas\u201d statisti\u0161kai nusine\u0161a beveik kas 3-\u010dio, bandan\u010dio j\u012f \u012fveikti, alpinisto gyvyb\u0119. Na, o mes si\u016blome pataupyti j\u0117gas ir juo m\u0117gautis viskio apsupty \u2013 naujojoje Liiton taur\u0117je.<\/p>\t\t\t\t\t\t\t\t\t\t\t<\/div>\n\t\t\t\t\t\t\t\t\t\t\t\t\t\t\t\t\t\t\t<\/div>\n\t\t\t\t\t\t\t\t<\/div>\n\t\t\t\t\t\t\t<\/div>\n\t\t\t\t\t\t<\/div>\n\t\t\t\t\t\t\t\t\t\t\t<div class=\"timeline-item item\">\n\t\t\t\t\t\t\t<div class=\"timeline-dot\"><\/div>\n\n\t\t\t\t\t\t\t<div class=\"content-wrap\">\n\t\t\t\t\t\t\t\t<div class=\"content-header\">\n\t\t\t\t\t\t\t\t\t<div class=\"content-inner\">\n\t\t\t\t\t\t\t\t\t\t\t\t\t\t\t\t\t\t\t\t\t<h5 class=\"title\">NO DABAS UZ DABU<\/h5>\n\t\t\t\t\t\t\t\t\t\t\n\t\t\t\t\t\t\t\t\t\t<div class=\"minimog-image image\">\n\t\t\t\t\t\t\t\t\t\t\t<m-image class=\"minimog-lazy-image\" style=\"--lazy-image-width: 680px;--lazy-image-height: 65.147058823529%;\" data-image-loading><img loading=\"lazy\" decoding=\"async\"  src=\"https:\/\/everest.versify.digital\/wp-content\/uploads\/2024\/04\/GIF-From-nature-for-nature.gif\" width=\"680\" height=\"443\" alt=\"GIF-From-nature-for-nature\" class=\"attachment-full size-full\" \/><\/m-image>\t\t\t\t\t\t\t\t\t\t<\/div>\n\t\t\t\t\t\t\t\t\t<\/div>\n\t\t\t\t\t\t\t\t<\/div>\n\n\t\t\t\t\t\t\t\t<div class=\"content-main\">\n\t\t\t\t\t\t\t\t\t<div class=\"content-inner\">\n\t\t\t\t\t\t\t\t\t\t\n\t\t\t\t\t\t\t\t\t\t\t\t\t\t\t\t\t\t\t\t\t<div class=\"description\">\n\t\t\t\t\t\t\t\t\t\t\t\tKrist\u0101liskais stikls ir lieliska alternat\u012bva svina krist\u0101lam. Br\u012bni\u0161\u0137\u012bgi skat\u012bties, tur\u0113t rok\u0101s un izst\u0101d\u012bt. \u0160im stiklam ir apbr\u012bnojama skaidr\u012bba un gludums, un tas nesatur svinu!<br>\n<br>\nKrist\u0101lisk\u0101 stikla priek\u0161roc\u012bbas:<br>\n<br>\n- Augsta stikla caursp\u012bd\u012bba\n- Nav svina izskalo\u0161an\u0101s riska dz\u0113rienos vai alkohol\u0101\n- Var mazg\u0101t trauku mazg\u0101jam\u0101 ma\u0161\u012bn\u0101<br>\n<br>\n\nEverest viskija komplekts ir izgatavots no 100% p\u0101rstr\u0101d\u0101jam\u0101 silik\u0101ta, un tas ir izgatavots no dab\u0101 visvair\u0101k p\u0101rstr\u0101d\u0101jam\u0101 materi\u0101la.\t\t\t\t\t\t\t\t\t\t\t<\/div>\n\t\t\t\t\t\t\t\t\t\t\t\t\t\t\t\t\t\t\t<\/div>\n\t\t\t\t\t\t\t\t<\/div>\n\t\t\t\t\t\t\t<\/div>\n\t\t\t\t\t\t<\/div>\n\t\t\t\t\t\t\t\t\t<\/div>\n\t\t\t\t\t<\/div>\n\t\t\t\t\t\t<\/div>\n\t\t\t\t<\/div>\n\t\t\t\t\t<\/div>\n\t\t\t\t<\/div>\n\t\t\t\t<\/div>","protected":false},"excerpt":{"rendered":"<p><strong>Zieme\u013camerikas augst\u0101k\u0101 kalna, Mt. \"Denali replika.<\/strong><\/p>","protected":false},"featured_media":25936,"comment_status":"closed","ping_status":"closed","template":"elementor_theme","meta":[],"product_brand":[],"product_cat":[272],"product_tag":[],"_links":{"self":[{"href":"https:\/\/everest.versify.digital\/lv\/wp-json\/wp\/v2\/product\/25753"}],"collection":[{"href":"https:\/\/everest.versify.digital\/lv\/wp-json\/wp\/v2\/product"}],"about":[{"href":"https:\/\/everest.versify.digital\/lv\/wp-json\/wp\/v2\/types\/product"}],"replies":[{"embeddable":true,"href":"https:\/\/everest.versify.digital\/lv\/wp-json\/wp\/v2\/comments?post=25753"}],"version-history":[{"count":2,"href":"https:\/\/everest.versify.digital\/lv\/wp-json\/wp\/v2\/product\/25753\/revisions"}],"predecessor-version":[{"id":25843,"href":"https:\/\/everest.versify.digital\/lv\/wp-json\/wp\/v2\/product\/25753\/revisions\/25843"}],"wp:featuredmedia":[{"embeddable":true,"href":"https:\/\/everest.versify.digital\/lv\/wp-json\/wp\/v2\/media\/25936"}],"wp:attachment":[{"href":"https:\/\/everest.versify.digital\/lv\/wp-json\/wp\/v2\/media?parent=25753"}],"wp:term":[{"taxonomy":"product_brand","embeddable":true,"href":"https:\/\/everest.versify.digital\/lv\/wp-json\/wp\/v2\/product_brand?post=25753"},{"taxonomy":"product_cat","embeddable":true,"href":"https:\/\/everest.versify.digital\/lv\/wp-json\/wp\/v2\/product_cat?post=25753"},{"taxonomy":"product_tag","embeddable":true,"href":"https:\/\/everest.versify.digital\/lv\/wp-json\/wp\/v2\/product_tag?post=25753"}],"curies":[{"name":"wp","href":"https:\/\/api.w.org\/{rel}","templated":true}]}}